{"id":1209,"date":"2024-05-24T07:26:07","date_gmt":"2024-05-24T07:26:07","guid":{"rendered":"https:\/\/www.aracikargom.com\/?page_id=1209"},"modified":"2025-02-09T19:55:27","modified_gmt":"2025-02-09T19:55:27","slug":"araci_kargo","status":"publish","type":"page","link":"https:\/\/www.aracikargom.com\/?page_id=1209","title":{"rendered":"Hakk\u0131m\u0131zda"},"content":{"rendered":"\n<p>2014 y\u0131l\u0131nda ta\u015f\u0131mac\u0131l\u0131k sekt\u00f6r\u00fcne Acil Motor Kurye teslimat\u0131 hizmetiyle giri\u015f yapan, Arac\u0131 Kargom Devam\u0131nda Tahsilatl\u0131 Kargo ,Kap\u0131da \u00d6demeli Kargo ve Toplu Da\u011f\u0131t\u0131m hizmetleriyle k\u0131sa s\u00fcrede ismini duyruran bir firma olarak;&nbsp;<strong>g\u00fcvenli<\/strong>,&nbsp;<strong>h\u0131zl\u0131<\/strong>,&nbsp;<strong>\u00e7\u00f6z\u00fcm odakl\u0131&nbsp;<\/strong>&nbsp;ve&nbsp;<strong>yenilik\u00e7i<\/strong>&nbsp;hizmet anlay\u0131\u015f\u0131m\u0131z\u0131&nbsp;ARACI KARGOM olarak bug\u00fcn de korumaktay\u0131z.<\/p>\n\n\n\n<p>Kurulu\u015fundan bu g\u00fcne Tahsilatl\u0131 Kargo alan\u0131nda hizmet a\u011f\u0131n\u0131 geni\u015fleten,Tahsilatl\u0131 Kargo teslimlerinde Nakit yada Kredi Kart\u0131 teslimatlar\u0131nda Teslime g\u00f6re g\u00fcnl\u00fck \u00f6deme yapan bir \u015eirketiz.<\/p>\n","protected":false},"excerpt":{"rendered":"<p>2014 y\u0131l\u0131nda ta\u015f\u0131mac\u0131l\u0131k sekt\u00f6r\u00fcne Acil Motor Kurye teslimat\u0131 hizmetiyle giri\u015f yapan, Arac\u0131 Kargom Devam\u0131nda Tahsilatl\u0131 Kargo ,Kap\u0131da \u00d6demeli Kargo ve Toplu Da\u011f\u0131t\u0131m hizmetleriyle k\u0131sa s\u00fcrede ismini duyruran bir firma olarak;&nbsp;g\u00fcvenli,&nbsp;h\u0131zl\u0131,&nbsp;\u00e7\u00f6z\u00fcm odakl\u0131&nbsp;&nbsp;ve&nbsp;yenilik\u00e7i&nbsp;hizmet anlay\u0131\u015f\u0131m\u0131z\u0131&nbsp;ARACI KARGOM olarak bug\u00fcn de korumaktay\u0131z. Kurulu\u015fundan bu g\u00fcne Tahsilatl\u0131 Kargo alan\u0131nda hizmet a\u011f\u0131n\u0131 geni\u015fleten,Tahsilatl\u0131 Kargo teslimlerinde Nakit yada Kredi Kart\u0131 teslimatlar\u0131nda Teslime g\u00f6re [&hellip;]<\/p>\n","protected":false},"author":1,"featured_media":1514,"parent":0,"menu_order":0,"comment_status":"closed","ping_status":"closed","template":"","meta":{"footnotes":""},"class_list":["post-1209","page","type-page","status-publish","has-post-thumbnail","hentry"],"yoast_head":"<!-- This site is optimized with the Yoast SEO plugin v25.6 - https:\/\/yoast.com\/wordpress\/plugins\/seo\/ -->\n<title>Hakk\u0131m\u0131zda<\/title>\n<meta name=\"description\" content=\"2014 y\u0131l\u0131nda ta\u015f\u0131mac\u0131l\u0131k sekt\u00f6r\u00fcne Acil Motor Kurye teslimat\u0131 hizmetiyle giri\u015f yapan, Arac\u0131 Kargom Devam\u0131nda Tahsilatl\u0131 Kargo ,Kap\u0131da \u00d6demeli Kargo ve Toplu Da\u011f\u0131t\u0131m hizmetleriyle k\u0131sa s\u00fcrede ismini duyruran bir firma olarak; g\u00fcvenli, h\u0131zl\u0131, \u00e7\u00f6z\u00fcm odakl\u0131 ve yenilik\u00e7i hizmet anlay\u0131\u015f\u0131m\u0131z\u0131 ARACI KARGOM olarak bug\u00fcn de korumaktay\u0131z.Kurulu\u015fundan bu g\u00fcne Tahsilatl\u0131 Kargo alan\u0131nda hizmet a\u011f\u0131n\u0131 geni\u015fleten,Tahsilatl\u0131 Kargo teslimlerinde Nakit yada Kredi Kart\u0131 teslimatlar\u0131nda Teslime g\u00f6re g\u00fcnl\u00fck \u00f6deme yapan bir \u015eirketiz.\" \/>\n<meta name=\"robots\" content=\"index, follow, max-snippet:-1, max-image-preview:large, max-video-preview:-1\" \/>\n<link rel=\"canonical\" href=\"https:\/\/www.aracikargom.com\/?page_id=1209\" \/>\n<meta property=\"og:locale\" content=\"tr_TR\" \/>\n<meta property=\"og:type\" content=\"article\" \/>\n<meta property=\"og:title\" content=\"Hakk\u0131m\u0131zda\" \/>\n<meta property=\"og:description\" content=\"2014 y\u0131l\u0131nda ta\u015f\u0131mac\u0131l\u0131k sekt\u00f6r\u00fcne Acil Motor Kurye teslimat\u0131 hizmetiyle giri\u015f yapan, Arac\u0131 Kargom Devam\u0131nda Tahsilatl\u0131 Kargo ,Kap\u0131da \u00d6demeli Kargo ve Toplu Da\u011f\u0131t\u0131m hizmetleriyle k\u0131sa s\u00fcrede ismini duyruran bir firma olarak; g\u00fcvenli, h\u0131zl\u0131, \u00e7\u00f6z\u00fcm odakl\u0131 ve yenilik\u00e7i hizmet anlay\u0131\u015f\u0131m\u0131z\u0131 ARACI KARGOM olarak bug\u00fcn de korumaktay\u0131z.Kurulu\u015fundan bu g\u00fcne Tahsilatl\u0131 Kargo alan\u0131nda hizmet a\u011f\u0131n\u0131 geni\u015fleten,Tahsilatl\u0131 Kargo teslimlerinde Nakit yada Kredi Kart\u0131 teslimatlar\u0131nda Teslime g\u00f6re g\u00fcnl\u00fck \u00f6deme yapan bir \u015eirketiz.\" \/>\n<meta property=\"og:url\" content=\"https:\/\/www.aracikargom.com\/?page_id=1209\" \/>\n<meta property=\"og:site_name\" content=\"Arac\u0131 Kargom\" \/>\n<meta property=\"article:modified_time\" content=\"2025-02-09T19:55:27+00:00\" \/>\n<meta property=\"og:image\" content=\"https:\/\/www.aracikargom.com\/wp-content\/uploads\/2024\/10\/cropped-araci-kargom-logo.png\" \/>\n\t<meta property=\"og:image:width\" content=\"512\" \/>\n\t<meta property=\"og:image:height\" content=\"512\" \/>\n\t<meta property=\"og:image:type\" content=\"image\/png\" \/>\n<meta name=\"twitter:card\" content=\"summary_large_image\" \/>\n<meta name=\"twitter:label1\" content=\"Tahmini okuma s\u00fcresi\" \/>\n\t<meta name=\"twitter:data1\" content=\"1 dakika\" \/>\n<script type=\"application\/ld+json\" class=\"yoast-schema-graph\">{\"@context\":\"https:\/\/schema.org\",\"@graph\":[{\"@type\":\"WebPage\",\"@id\":\"https:\/\/www.aracikargom.com\/?page_id=1209\",\"url\":\"https:\/\/www.aracikargom.com\/?page_id=1209\",\"name\":\"Hakk\u0131m\u0131zda\",\"isPartOf\":{\"@id\":\"https:\/\/www.aracikargom.com\/#website\"},\"primaryImageOfPage\":{\"@id\":\"https:\/\/www.aracikargom.com\/?page_id=1209#primaryimage\"},\"image\":{\"@id\":\"https:\/\/www.aracikargom.com\/?page_id=1209#primaryimage\"},\"thumbnailUrl\":\"https:\/\/www.aracikargom.com\/wp-content\/uploads\/2024\/10\/cropped-araci-kargom-logo.png\",\"datePublished\":\"2024-05-24T07:26:07+00:00\",\"dateModified\":\"2025-02-09T19:55:27+00:00\",\"description\":\"2014 y\u0131l\u0131nda ta\u015f\u0131mac\u0131l\u0131k sekt\u00f6r\u00fcne Acil Motor Kurye teslimat\u0131 hizmetiyle giri\u015f yapan, Arac\u0131 Kargom Devam\u0131nda Tahsilatl\u0131 Kargo ,Kap\u0131da \u00d6demeli Kargo ve Toplu Da\u011f\u0131t\u0131m hizmetleriyle k\u0131sa s\u00fcrede ismini duyruran bir firma olarak; g\u00fcvenli, h\u0131zl\u0131, \u00e7\u00f6z\u00fcm odakl\u0131 ve yenilik\u00e7i hizmet anlay\u0131\u015f\u0131m\u0131z\u0131 ARACI KARGOM olarak bug\u00fcn de korumaktay\u0131z.Kurulu\u015fundan bu g\u00fcne Tahsilatl\u0131 Kargo alan\u0131nda hizmet a\u011f\u0131n\u0131 geni\u015fleten,Tahsilatl\u0131 Kargo teslimlerinde Nakit yada Kredi Kart\u0131 teslimatlar\u0131nda Teslime g\u00f6re g\u00fcnl\u00fck \u00f6deme yapan bir \u015eirketiz.\",\"breadcrumb\":{\"@id\":\"https:\/\/www.aracikargom.com\/?page_id=1209#breadcrumb\"},\"inLanguage\":\"tr\",\"potentialAction\":[{\"@type\":\"ReadAction\",\"target\":[\"https:\/\/www.aracikargom.com\/?page_id=1209\"]}]},{\"@type\":\"ImageObject\",\"inLanguage\":\"tr\",\"@id\":\"https:\/\/www.aracikargom.com\/?page_id=1209#primaryimage\",\"url\":\"https:\/\/www.aracikargom.com\/wp-content\/uploads\/2024\/10\/cropped-araci-kargom-logo.png\",\"contentUrl\":\"https:\/\/www.aracikargom.com\/wp-content\/uploads\/2024\/10\/cropped-araci-kargom-logo.png\",\"width\":512,\"height\":512,\"caption\":\"Aras Kargo, Ptt Kargo,Hepsijet Anla\u015fmal\u0131 Arac\u0131 Kargo\"},{\"@type\":\"BreadcrumbList\",\"@id\":\"https:\/\/www.aracikargom.com\/?page_id=1209#breadcrumb\",\"itemListElement\":[{\"@type\":\"ListItem\",\"position\":1,\"name\":\"Anasayfa\",\"item\":\"https:\/\/www.aracikargom.com\/\"},{\"@type\":\"ListItem\",\"position\":2,\"name\":\"Hakk\u0131m\u0131zda\"}]},{\"@type\":\"WebSite\",\"@id\":\"https:\/\/www.aracikargom.com\/#website\",\"url\":\"https:\/\/www.aracikargom.com\/\",\"name\":\"Arac\u0131 Kargom\",\"description\":\"| \u260e\ufe0fWhatsApp Canl\u0131 Destek: (0537) 272 01 45 |\",\"publisher\":{\"@id\":\"https:\/\/www.aracikargom.com\/#organization\"},\"potentialAction\":[{\"@type\":\"SearchAction\",\"target\":{\"@type\":\"EntryPoint\",\"urlTemplate\":\"https:\/\/www.aracikargom.com\/?s={search_term_string}\"},\"query-input\":{\"@type\":\"PropertyValueSpecification\",\"valueRequired\":true,\"valueName\":\"search_term_string\"}}],\"inLanguage\":\"tr\"},{\"@type\":\"Organization\",\"@id\":\"https:\/\/www.aracikargom.com\/#organization\",\"name\":\"Arac\u0131 Kargom\",\"alternateName\":\"Arac\u0131 Kargo\",\"url\":\"https:\/\/www.aracikargom.com\/\",\"logo\":{\"@type\":\"ImageObject\",\"inLanguage\":\"tr\",\"@id\":\"https:\/\/www.aracikargom.com\/#\/schema\/logo\/image\/\",\"url\":\"https:\/\/www.aracikargom.com\/wp-content\/uploads\/2024\/10\/cropped-araci-kargom-logo.png\",\"contentUrl\":\"https:\/\/www.aracikargom.com\/wp-content\/uploads\/2024\/10\/cropped-araci-kargom-logo.png\",\"width\":512,\"height\":512,\"caption\":\"Arac\u0131 Kargom\"},\"image\":{\"@id\":\"https:\/\/www.aracikargom.com\/#\/schema\/logo\/image\/\"}}]}<\/script>\n<!-- \/ Yoast SEO plugin. -->","yoast_head_json":{"title":"Hakk\u0131m\u0131zda","description":"2014 y\u0131l\u0131nda ta\u015f\u0131mac\u0131l\u0131k sekt\u00f6r\u00fcne Acil Motor Kurye teslimat\u0131 hizmetiyle giri\u015f yapan, Arac\u0131 Kargom Devam\u0131nda Tahsilatl\u0131 Kargo ,Kap\u0131da \u00d6demeli Kargo ve Toplu Da\u011f\u0131t\u0131m hizmetleriyle k\u0131sa s\u00fcrede ismini duyruran bir firma olarak; g\u00fcvenli, h\u0131zl\u0131, \u00e7\u00f6z\u00fcm odakl\u0131 ve yenilik\u00e7i hizmet anlay\u0131\u015f\u0131m\u0131z\u0131 ARACI KARGOM olarak bug\u00fcn de korumaktay\u0131z.Kurulu\u015fundan bu g\u00fcne Tahsilatl\u0131 Kargo alan\u0131nda hizmet a\u011f\u0131n\u0131 geni\u015fleten,Tahsilatl\u0131 Kargo teslimlerinde Nakit yada Kredi Kart\u0131 teslimatlar\u0131nda Teslime g\u00f6re g\u00fcnl\u00fck \u00f6deme yapan bir \u015eirketiz.","robots":{"index":"index","follow":"follow","max-snippet":"max-snippet:-1","max-image-preview":"max-image-preview:large","max-video-preview":"max-video-preview:-1"},"canonical":"https:\/\/www.aracikargom.com\/?page_id=1209","og_locale":"tr_TR","og_type":"article","og_title":"Hakk\u0131m\u0131zda","og_description":"2014 y\u0131l\u0131nda ta\u015f\u0131mac\u0131l\u0131k sekt\u00f6r\u00fcne Acil Motor Kurye teslimat\u0131 hizmetiyle giri\u015f yapan, Arac\u0131 Kargom Devam\u0131nda Tahsilatl\u0131 Kargo ,Kap\u0131da \u00d6demeli Kargo ve Toplu Da\u011f\u0131t\u0131m hizmetleriyle k\u0131sa s\u00fcrede ismini duyruran bir firma olarak; g\u00fcvenli, h\u0131zl\u0131, \u00e7\u00f6z\u00fcm odakl\u0131 ve yenilik\u00e7i hizmet anlay\u0131\u015f\u0131m\u0131z\u0131 ARACI KARGOM olarak bug\u00fcn de korumaktay\u0131z.Kurulu\u015fundan bu g\u00fcne Tahsilatl\u0131 Kargo alan\u0131nda hizmet a\u011f\u0131n\u0131 geni\u015fleten,Tahsilatl\u0131 Kargo teslimlerinde Nakit yada Kredi Kart\u0131 teslimatlar\u0131nda Teslime g\u00f6re g\u00fcnl\u00fck \u00f6deme yapan bir \u015eirketiz.","og_url":"https:\/\/www.aracikargom.com\/?page_id=1209","og_site_name":"Arac\u0131 Kargom","article_modified_time":"2025-02-09T19:55:27+00:00","og_image":[{"width":512,"height":512,"url":"https:\/\/www.aracikargom.com\/wp-content\/uploads\/2024\/10\/cropped-araci-kargom-logo.png","type":"image\/png"}],"twitter_card":"summary_large_image","twitter_misc":{"Tahmini okuma s\u00fcresi":"1 dakika"},"schema":{"@context":"https:\/\/schema.org","@graph":[{"@type":"WebPage","@id":"https:\/\/www.aracikargom.com\/?page_id=1209","url":"https:\/\/www.aracikargom.com\/?page_id=1209","name":"Hakk\u0131m\u0131zda","isPartOf":{"@id":"https:\/\/www.aracikargom.com\/#website"},"primaryImageOfPage":{"@id":"https:\/\/www.aracikargom.com\/?page_id=1209#primaryimage"},"image":{"@id":"https:\/\/www.aracikargom.com\/?page_id=1209#primaryimage"},"thumbnailUrl":"https:\/\/www.aracikargom.com\/wp-content\/uploads\/2024\/10\/cropped-araci-kargom-logo.png","datePublished":"2024-05-24T07:26:07+00:00","dateModified":"2025-02-09T19:55:27+00:00","description":"2014 y\u0131l\u0131nda ta\u015f\u0131mac\u0131l\u0131k sekt\u00f6r\u00fcne Acil Motor Kurye teslimat\u0131 hizmetiyle giri\u015f yapan, Arac\u0131 Kargom Devam\u0131nda Tahsilatl\u0131 Kargo ,Kap\u0131da \u00d6demeli Kargo ve Toplu Da\u011f\u0131t\u0131m hizmetleriyle k\u0131sa s\u00fcrede ismini duyruran bir firma olarak; g\u00fcvenli, h\u0131zl\u0131, \u00e7\u00f6z\u00fcm odakl\u0131 ve yenilik\u00e7i hizmet anlay\u0131\u015f\u0131m\u0131z\u0131 ARACI KARGOM olarak bug\u00fcn de korumaktay\u0131z.Kurulu\u015fundan bu g\u00fcne Tahsilatl\u0131 Kargo alan\u0131nda hizmet a\u011f\u0131n\u0131 geni\u015fleten,Tahsilatl\u0131 Kargo teslimlerinde Nakit yada Kredi Kart\u0131 teslimatlar\u0131nda Teslime g\u00f6re g\u00fcnl\u00fck \u00f6deme yapan bir \u015eirketiz.","breadcrumb":{"@id":"https:\/\/www.aracikargom.com\/?page_id=1209#breadcrumb"},"inLanguage":"tr","potentialAction":[{"@type":"ReadAction","target":["https:\/\/www.aracikargom.com\/?page_id=1209"]}]},{"@type":"ImageObject","inLanguage":"tr","@id":"https:\/\/www.aracikargom.com\/?page_id=1209#primaryimage","url":"https:\/\/www.aracikargom.com\/wp-content\/uploads\/2024\/10\/cropped-araci-kargom-logo.png","contentUrl":"https:\/\/www.aracikargom.com\/wp-content\/uploads\/2024\/10\/cropped-araci-kargom-logo.png","width":512,"height":512,"caption":"Aras Kargo, Ptt Kargo,Hepsijet Anla\u015fmal\u0131 Arac\u0131 Kargo"},{"@type":"BreadcrumbList","@id":"https:\/\/www.aracikargom.com\/?page_id=1209#breadcrumb","itemListElement":[{"@type":"ListItem","position":1,"name":"Anasayfa","item":"https:\/\/www.aracikargom.com\/"},{"@type":"ListItem","position":2,"name":"Hakk\u0131m\u0131zda"}]},{"@type":"WebSite","@id":"https:\/\/www.aracikargom.com\/#website","url":"https:\/\/www.aracikargom.com\/","name":"Arac\u0131 Kargom","description":"| \u260e\ufe0fWhatsApp Canl\u0131 Destek: (0537) 272 01 45 |","publisher":{"@id":"https:\/\/www.aracikargom.com\/#organization"},"potentialAction":[{"@type":"SearchAction","target":{"@type":"EntryPoint","urlTemplate":"https:\/\/www.aracikargom.com\/?s={search_term_string}"},"query-input":{"@type":"PropertyValueSpecification","valueRequired":true,"valueName":"search_term_string"}}],"inLanguage":"tr"},{"@type":"Organization","@id":"https:\/\/www.aracikargom.com\/#organization","name":"Arac\u0131 Kargom","alternateName":"Arac\u0131 Kargo","url":"https:\/\/www.aracikargom.com\/","logo":{"@type":"ImageObject","inLanguage":"tr","@id":"https:\/\/www.aracikargom.com\/#\/schema\/logo\/image\/","url":"https:\/\/www.aracikargom.com\/wp-content\/uploads\/2024\/10\/cropped-araci-kargom-logo.png","contentUrl":"https:\/\/www.aracikargom.com\/wp-content\/uploads\/2024\/10\/cropped-araci-kargom-logo.png","width":512,"height":512,"caption":"Arac\u0131 Kargom"},"image":{"@id":"https:\/\/www.aracikargom.com\/#\/schema\/logo\/image\/"}}]}},"_links":{"self":[{"href":"https:\/\/www.aracikargom.com\/index.php?rest_route=\/wp\/v2\/pages\/1209","targetHints":{"allow":["GET"]}}],"collection":[{"href":"https:\/\/www.aracikargom.com\/index.php?rest_route=\/wp\/v2\/pages"}],"about":[{"href":"https:\/\/www.aracikargom.com\/index.php?rest_route=\/wp\/v2\/types\/page"}],"author":[{"embeddable":true,"href":"https:\/\/www.aracikargom.com\/index.php?rest_route=\/wp\/v2\/users\/1"}],"replies":[{"embeddable":true,"href":"https:\/\/www.aracikargom.com\/index.php?rest_route=%2Fwp%2Fv2%2Fcomments&post=1209"}],"version-history":[{"count":3,"href":"https:\/\/www.aracikargom.com\/index.php?rest_route=\/wp\/v2\/pages\/1209\/revisions"}],"predecessor-version":[{"id":1623,"href":"https:\/\/www.aracikargom.com\/index.php?rest_route=\/wp\/v2\/pages\/1209\/revisions\/1623"}],"wp:featuredmedia":[{"embeddable":true,"href":"https:\/\/www.aracikargom.com\/index.php?rest_route=\/wp\/v2\/media\/1514"}],"wp:attachment":[{"href":"https:\/\/www.aracikargom.com\/index.php?rest_route=%2Fwp%2Fv2%2Fmedia&parent=1209"}],"curies":[{"name":"wp","href":"https:\/\/api.w.org\/{rel}","templated":true}]}}