{"id":1227,"date":"2024-06-01T17:47:19","date_gmt":"2024-06-01T17:47:19","guid":{"rendered":"https:\/\/www.aracikargom.com\/?page_id=1227"},"modified":"2025-07-17T19:03:29","modified_gmt":"2025-07-17T19:03:29","slug":"fiyatlarimiz","status":"publish","type":"page","link":"https:\/\/www.aracikargom.com\/?page_id=1227","title":{"rendered":"Fiyatlar\u0131m\u0131z"},"content":{"rendered":"\n<p><\/p>\n\n\n\n<p>Arac\u0131 Kargom 2025 y\u0131l\u0131 01 Ocak 2025 ile 31 \/ 05\/2025 Aras\u0131nda ge\u00e7erli Kap\u0131da \u00d6demli Kargo  fiyatlar\u0131m\u0131z<\/p>\n\n\n\n<p><img loading=\"lazy\" decoding=\"async\" width=\"980\" height=\"524\" class=\"wp-image-1691\" style=\"width: 980px;\" src=\"https:\/\/www.aracikargom.com\/wp-content\/uploads\/2025\/02\/WhatsApp-Image-2025-02-07-at-16.54.59.jpeg\" alt=\"\" srcset=\"https:\/\/www.aracikargom.com\/wp-content\/uploads\/2025\/02\/WhatsApp-Image-2025-02-07-at-16.54.59.jpeg 632w, https:\/\/www.aracikargom.com\/wp-content\/uploads\/2025\/02\/WhatsApp-Image-2025-02-07-at-16.54.59-300x160.jpeg 300w\" sizes=\"auto, (max-width: 980px) 100vw, 980px\" \/><\/p>\n\n\n\n<p>Fiyatlar\u0131m\u0131z G\u00fcnl\u00fck D\u00fczenli Kargo \u00e7\u0131k\u0131\u015f\u0131 yapan m\u00fc\u015fteriler i\u00e7in ge\u00e7erlii fiyatt\u0131r. Fiyatlad\u0131rma Ayl\u0131k En az  200 ve \u00fczeri Kap\u0131da \u00d6demeli Kargo fiyatlar\u0131 i\u00e7in ge\u00e7erlidirFiyatland\u0131rmaya EPH Everensel posta hizmet bedeli ve KDV Dahil de\u011fildir. Artan her desi 5 desiye kadar 10 TL olup 5 Desi sonra\u0131 i\u00e7in fiyat al\u0131n\u0131z.<\/p>\n\n\n\n<p>Tahsilatl\u0131 Kap\u0131da \u00d6demeli Kargo  anla\u015fmas\u0131 i\u00e7in <a href=\"https:\/\/www.aracikargom.com\/\">WhatsApp ile ileti\u015fime ge\u00e7in<\/a> 0537 272 01 45 bizlere ula\u015fabilirsiniz<\/p>\n\n\n\n<p>\u015e.D\u0131\u015f\u0131s\u0131 demek kendi da\u011f\u0131t\u0131m b\u00f6lgemizde olan alanlar\u0131n\u0131 i\u00e7ermektedir. \u015e.\u0130\u00e7i ise \u0130stanbul i\u00e7i da\u011f\u0131t\u0131m b\u00e7ge alan\u0131d\u0131r<\/p>\n\n\n\n<p><\/p>\n\n\n\n<p><\/p>\n","protected":false},"excerpt":{"rendered":"<p>Arac\u0131 Kargom 2025 y\u0131l\u0131 01 Ocak 2025 ile 31 \/ 05\/2025 Aras\u0131nda ge\u00e7erli Kap\u0131da \u00d6demli Kargo fiyatlar\u0131m\u0131z Fiyatlar\u0131m\u0131z G\u00fcnl\u00fck D\u00fczenli Kargo \u00e7\u0131k\u0131\u015f\u0131 yapan m\u00fc\u015fteriler i\u00e7in ge\u00e7erlii fiyatt\u0131r. Fiyatlad\u0131rma Ayl\u0131k En az 200 ve \u00fczeri Kap\u0131da \u00d6demeli Kargo fiyatlar\u0131 i\u00e7in ge\u00e7erlidirFiyatland\u0131rmaya EPH Everensel posta hizmet bedeli ve KDV Dahil de\u011fildir. Artan her desi 5 desiye kadar [&hellip;]<\/p>\n","protected":false},"author":1,"featured_media":1642,"parent":0,"menu_order":0,"comment_status":"closed","ping_status":"closed","template":"","meta":{"footnotes":""},"class_list":["post-1227","page","type-page","status-publish","has-post-thumbnail","hentry"],"yoast_head":"<!-- This site is optimized with the Yoast SEO plugin v25.6 - https:\/\/yoast.com\/wordpress\/plugins\/seo\/ -->\n<title>Fiyatlar\u0131m\u0131z<\/title>\n<meta name=\"description\" content=\"Arac\u0131 Kargom 2025 y\u0131l\u0131 01 Ocak 2025 ile 31 \/ 05\/2025 Aras\u0131nda ge\u00e7erli Kap\u0131da \u00d6demli Kargo Fiyatlar\u0131m\u0131z G\u00fcnl\u00fck D\u00fczenli Kargo \u00e7\u0131k\u0131\u015f\u0131 yapan m\u00fc\u015fteriler i\u00e7in ge\u00e7erlii fiyatt\u0131r. Fiyatlad\u0131rma Ayl\u0131k En az 200 ve \u00fczeri Kap\u0131da \u00d6demeli Kargo fiyatlar\u0131 i\u00e7in ge\u00e7erlidirFiyatland\u0131rmaya EPH Everensel posta hizmet bedeli ve KDV Dahil de\u011fildir. Artan her desi 5 desiye kadar 10 TL olup 5 Desi sonra\u0131 i\u00e7in fiyat al\u0131n\u0131z.\u015e.D\u0131\u015f\u0131s\u0131 demek kendi da\u011f\u0131t\u0131m b\u00f6lgemizde olan alanlar\u0131n\u0131 i\u00e7ermektedir. \u015e.\u0130\u00e7i ise \u0130stanbul i\u00e7i da\u011f\u0131t\u0131m b\u00e7ge alan\u0131d\u0131r. Kargoist,BB Kargo, Bak Kargo, Fes Kargo,Fest Kargo,Pozitif Kargo,Acl Kargo,Yol Kargo,Yol Expres Kargo,\" \/>\n<meta name=\"robots\" content=\"index, follow, max-snippet:-1, max-image-preview:large, max-video-preview:-1\" \/>\n<link rel=\"canonical\" href=\"https:\/\/www.aracikargom.com\/?page_id=1227\" \/>\n<meta property=\"og:locale\" content=\"tr_TR\" \/>\n<meta property=\"og:type\" content=\"article\" \/>\n<meta property=\"og:title\" content=\"Fiyatlar\u0131m\u0131z\" \/>\n<meta property=\"og:description\" content=\"Arac\u0131 Kargom 2025 y\u0131l\u0131 01 Ocak 2025 ile 31 \/ 05\/2025 Aras\u0131nda ge\u00e7erli Kap\u0131da \u00d6demli Kargo Fiyatlar\u0131m\u0131z G\u00fcnl\u00fck D\u00fczenli Kargo \u00e7\u0131k\u0131\u015f\u0131 yapan m\u00fc\u015fteriler i\u00e7in ge\u00e7erlii fiyatt\u0131r. Fiyatlad\u0131rma Ayl\u0131k En az 200 ve \u00fczeri Kap\u0131da \u00d6demeli Kargo fiyatlar\u0131 i\u00e7in ge\u00e7erlidirFiyatland\u0131rmaya EPH Everensel posta hizmet bedeli ve KDV Dahil de\u011fildir. Artan her desi 5 desiye kadar 10 TL olup 5 Desi sonra\u0131 i\u00e7in fiyat al\u0131n\u0131z.\u015e.D\u0131\u015f\u0131s\u0131 demek kendi da\u011f\u0131t\u0131m b\u00f6lgemizde olan alanlar\u0131n\u0131 i\u00e7ermektedir. \u015e.\u0130\u00e7i ise \u0130stanbul i\u00e7i da\u011f\u0131t\u0131m b\u00e7ge alan\u0131d\u0131r. Kargoist,BB Kargo, Bak Kargo, Fes Kargo,Fest Kargo,Pozitif Kargo,Acl Kargo,Yol Kargo,Yol Expres Kargo,\" \/>\n<meta property=\"og:url\" content=\"https:\/\/www.aracikargom.com\/?page_id=1227\" \/>\n<meta property=\"og:site_name\" content=\"Arac\u0131 Kargom\" \/>\n<meta property=\"article:modified_time\" content=\"2025-07-17T19:03:29+00:00\" \/>\n<meta property=\"og:image\" content=\"https:\/\/www.aracikargom.com\/wp-content\/uploads\/2025\/02\/kumas-pankart-tasarimlari-3.png\" \/>\n\t<meta property=\"og:image:width\" content=\"600\" \/>\n\t<meta property=\"og:image:height\" content=\"600\" \/>\n\t<meta property=\"og:image:type\" content=\"image\/png\" \/>\n<meta name=\"twitter:card\" content=\"summary_large_image\" \/>\n<meta name=\"twitter:label1\" content=\"Tahmini okuma s\u00fcresi\" \/>\n\t<meta name=\"twitter:data1\" content=\"1 dakika\" \/>\n<script type=\"application\/ld+json\" class=\"yoast-schema-graph\">{\"@context\":\"https:\/\/schema.org\",\"@graph\":[{\"@type\":\"WebPage\",\"@id\":\"https:\/\/www.aracikargom.com\/?page_id=1227\",\"url\":\"https:\/\/www.aracikargom.com\/?page_id=1227\",\"name\":\"Fiyatlar\u0131m\u0131z\",\"isPartOf\":{\"@id\":\"https:\/\/www.aracikargom.com\/#website\"},\"primaryImageOfPage\":{\"@id\":\"https:\/\/www.aracikargom.com\/?page_id=1227#primaryimage\"},\"image\":{\"@id\":\"https:\/\/www.aracikargom.com\/?page_id=1227#primaryimage\"},\"thumbnailUrl\":\"https:\/\/www.aracikargom.com\/wp-content\/uploads\/2025\/02\/kumas-pankart-tasarimlari-3.png\",\"datePublished\":\"2024-06-01T17:47:19+00:00\",\"dateModified\":\"2025-07-17T19:03:29+00:00\",\"description\":\"Arac\u0131 Kargom 2025 y\u0131l\u0131 01 Ocak 2025 ile 31 \/ 05\/2025 Aras\u0131nda ge\u00e7erli Kap\u0131da \u00d6demli Kargo Fiyatlar\u0131m\u0131z G\u00fcnl\u00fck D\u00fczenli Kargo \u00e7\u0131k\u0131\u015f\u0131 yapan m\u00fc\u015fteriler i\u00e7in ge\u00e7erlii fiyatt\u0131r. Fiyatlad\u0131rma Ayl\u0131k En az 200 ve \u00fczeri Kap\u0131da \u00d6demeli Kargo fiyatlar\u0131 i\u00e7in ge\u00e7erlidirFiyatland\u0131rmaya EPH Everensel posta hizmet bedeli ve KDV Dahil de\u011fildir. Artan her desi 5 desiye kadar 10 TL olup 5 Desi sonra\u0131 i\u00e7in fiyat al\u0131n\u0131z.\u015e.D\u0131\u015f\u0131s\u0131 demek kendi da\u011f\u0131t\u0131m b\u00f6lgemizde olan alanlar\u0131n\u0131 i\u00e7ermektedir. \u015e.\u0130\u00e7i ise \u0130stanbul i\u00e7i da\u011f\u0131t\u0131m b\u00e7ge alan\u0131d\u0131r. Kargoist,BB Kargo, Bak Kargo, Fes Kargo,Fest Kargo,Pozitif Kargo,Acl Kargo,Yol Kargo,Yol Expres Kargo,\",\"breadcrumb\":{\"@id\":\"https:\/\/www.aracikargom.com\/?page_id=1227#breadcrumb\"},\"inLanguage\":\"tr\",\"potentialAction\":[{\"@type\":\"ReadAction\",\"target\":[\"https:\/\/www.aracikargom.com\/?page_id=1227\"]}]},{\"@type\":\"ImageObject\",\"inLanguage\":\"tr\",\"@id\":\"https:\/\/www.aracikargom.com\/?page_id=1227#primaryimage\",\"url\":\"https:\/\/www.aracikargom.com\/wp-content\/uploads\/2025\/02\/kumas-pankart-tasarimlari-3.png\",\"contentUrl\":\"https:\/\/www.aracikargom.com\/wp-content\/uploads\/2025\/02\/kumas-pankart-tasarimlari-3.png\",\"width\":600,\"height\":600},{\"@type\":\"BreadcrumbList\",\"@id\":\"https:\/\/www.aracikargom.com\/?page_id=1227#breadcrumb\",\"itemListElement\":[{\"@type\":\"ListItem\",\"position\":1,\"name\":\"Anasayfa\",\"item\":\"https:\/\/www.aracikargom.com\/\"},{\"@type\":\"ListItem\",\"position\":2,\"name\":\"Fiyatlar\u0131m\u0131z\"}]},{\"@type\":\"WebSite\",\"@id\":\"https:\/\/www.aracikargom.com\/#website\",\"url\":\"https:\/\/www.aracikargom.com\/\",\"name\":\"Arac\u0131 Kargom\",\"description\":\"| \u260e\ufe0fWhatsApp Canl\u0131 Destek: (0537) 272 01 45 |\",\"publisher\":{\"@id\":\"https:\/\/www.aracikargom.com\/#organization\"},\"potentialAction\":[{\"@type\":\"SearchAction\",\"target\":{\"@type\":\"EntryPoint\",\"urlTemplate\":\"https:\/\/www.aracikargom.com\/?s={search_term_string}\"},\"query-input\":{\"@type\":\"PropertyValueSpecification\",\"valueRequired\":true,\"valueName\":\"search_term_string\"}}],\"inLanguage\":\"tr\"},{\"@type\":\"Organization\",\"@id\":\"https:\/\/www.aracikargom.com\/#organization\",\"name\":\"Arac\u0131 Kargom\",\"alternateName\":\"Arac\u0131 Kargo\",\"url\":\"https:\/\/www.aracikargom.com\/\",\"logo\":{\"@type\":\"ImageObject\",\"inLanguage\":\"tr\",\"@id\":\"https:\/\/www.aracikargom.com\/#\/schema\/logo\/image\/\",\"url\":\"https:\/\/www.aracikargom.com\/wp-content\/uploads\/2024\/10\/cropped-araci-kargom-logo.png\",\"contentUrl\":\"https:\/\/www.aracikargom.com\/wp-content\/uploads\/2024\/10\/cropped-araci-kargom-logo.png\",\"width\":512,\"height\":512,\"caption\":\"Arac\u0131 Kargom\"},\"image\":{\"@id\":\"https:\/\/www.aracikargom.com\/#\/schema\/logo\/image\/\"}}]}<\/script>\n<!-- \/ Yoast SEO plugin. -->","yoast_head_json":{"title":"Fiyatlar\u0131m\u0131z","description":"Arac\u0131 Kargom 2025 y\u0131l\u0131 01 Ocak 2025 ile 31 \/ 05\/2025 Aras\u0131nda ge\u00e7erli Kap\u0131da \u00d6demli Kargo Fiyatlar\u0131m\u0131z G\u00fcnl\u00fck D\u00fczenli Kargo \u00e7\u0131k\u0131\u015f\u0131 yapan m\u00fc\u015fteriler i\u00e7in ge\u00e7erlii fiyatt\u0131r. Fiyatlad\u0131rma Ayl\u0131k En az 200 ve \u00fczeri Kap\u0131da \u00d6demeli Kargo fiyatlar\u0131 i\u00e7in ge\u00e7erlidirFiyatland\u0131rmaya EPH Everensel posta hizmet bedeli ve KDV Dahil de\u011fildir. Artan her desi 5 desiye kadar 10 TL olup 5 Desi sonra\u0131 i\u00e7in fiyat al\u0131n\u0131z.\u015e.D\u0131\u015f\u0131s\u0131 demek kendi da\u011f\u0131t\u0131m b\u00f6lgemizde olan alanlar\u0131n\u0131 i\u00e7ermektedir. \u015e.\u0130\u00e7i ise \u0130stanbul i\u00e7i da\u011f\u0131t\u0131m b\u00e7ge alan\u0131d\u0131r. Kargoist,BB Kargo, Bak Kargo, Fes Kargo,Fest Kargo,Pozitif Kargo,Acl Kargo,Yol Kargo,Yol Expres Kargo,","robots":{"index":"index","follow":"follow","max-snippet":"max-snippet:-1","max-image-preview":"max-image-preview:large","max-video-preview":"max-video-preview:-1"},"canonical":"https:\/\/www.aracikargom.com\/?page_id=1227","og_locale":"tr_TR","og_type":"article","og_title":"Fiyatlar\u0131m\u0131z","og_description":"Arac\u0131 Kargom 2025 y\u0131l\u0131 01 Ocak 2025 ile 31 \/ 05\/2025 Aras\u0131nda ge\u00e7erli Kap\u0131da \u00d6demli Kargo Fiyatlar\u0131m\u0131z G\u00fcnl\u00fck D\u00fczenli Kargo \u00e7\u0131k\u0131\u015f\u0131 yapan m\u00fc\u015fteriler i\u00e7in ge\u00e7erlii fiyatt\u0131r. Fiyatlad\u0131rma Ayl\u0131k En az 200 ve \u00fczeri Kap\u0131da \u00d6demeli Kargo fiyatlar\u0131 i\u00e7in ge\u00e7erlidirFiyatland\u0131rmaya EPH Everensel posta hizmet bedeli ve KDV Dahil de\u011fildir. Artan her desi 5 desiye kadar 10 TL olup 5 Desi sonra\u0131 i\u00e7in fiyat al\u0131n\u0131z.\u015e.D\u0131\u015f\u0131s\u0131 demek kendi da\u011f\u0131t\u0131m b\u00f6lgemizde olan alanlar\u0131n\u0131 i\u00e7ermektedir. \u015e.\u0130\u00e7i ise \u0130stanbul i\u00e7i da\u011f\u0131t\u0131m b\u00e7ge alan\u0131d\u0131r. Kargoist,BB Kargo, Bak Kargo, Fes Kargo,Fest Kargo,Pozitif Kargo,Acl Kargo,Yol Kargo,Yol Expres Kargo,","og_url":"https:\/\/www.aracikargom.com\/?page_id=1227","og_site_name":"Arac\u0131 Kargom","article_modified_time":"2025-07-17T19:03:29+00:00","og_image":[{"width":600,"height":600,"url":"https:\/\/www.aracikargom.com\/wp-content\/uploads\/2025\/02\/kumas-pankart-tasarimlari-3.png","type":"image\/png"}],"twitter_card":"summary_large_image","twitter_misc":{"Tahmini okuma s\u00fcresi":"1 dakika"},"schema":{"@context":"https:\/\/schema.org","@graph":[{"@type":"WebPage","@id":"https:\/\/www.aracikargom.com\/?page_id=1227","url":"https:\/\/www.aracikargom.com\/?page_id=1227","name":"Fiyatlar\u0131m\u0131z","isPartOf":{"@id":"https:\/\/www.aracikargom.com\/#website"},"primaryImageOfPage":{"@id":"https:\/\/www.aracikargom.com\/?page_id=1227#primaryimage"},"image":{"@id":"https:\/\/www.aracikargom.com\/?page_id=1227#primaryimage"},"thumbnailUrl":"https:\/\/www.aracikargom.com\/wp-content\/uploads\/2025\/02\/kumas-pankart-tasarimlari-3.png","datePublished":"2024-06-01T17:47:19+00:00","dateModified":"2025-07-17T19:03:29+00:00","description":"Arac\u0131 Kargom 2025 y\u0131l\u0131 01 Ocak 2025 ile 31 \/ 05\/2025 Aras\u0131nda ge\u00e7erli Kap\u0131da \u00d6demli Kargo Fiyatlar\u0131m\u0131z G\u00fcnl\u00fck D\u00fczenli Kargo \u00e7\u0131k\u0131\u015f\u0131 yapan m\u00fc\u015fteriler i\u00e7in ge\u00e7erlii fiyatt\u0131r. Fiyatlad\u0131rma Ayl\u0131k En az 200 ve \u00fczeri Kap\u0131da \u00d6demeli Kargo fiyatlar\u0131 i\u00e7in ge\u00e7erlidirFiyatland\u0131rmaya EPH Everensel posta hizmet bedeli ve KDV Dahil de\u011fildir. Artan her desi 5 desiye kadar 10 TL olup 5 Desi sonra\u0131 i\u00e7in fiyat al\u0131n\u0131z.\u015e.D\u0131\u015f\u0131s\u0131 demek kendi da\u011f\u0131t\u0131m b\u00f6lgemizde olan alanlar\u0131n\u0131 i\u00e7ermektedir. \u015e.\u0130\u00e7i ise \u0130stanbul i\u00e7i da\u011f\u0131t\u0131m b\u00e7ge alan\u0131d\u0131r. Kargoist,BB Kargo, Bak Kargo, Fes Kargo,Fest Kargo,Pozitif Kargo,Acl Kargo,Yol Kargo,Yol Expres Kargo,","breadcrumb":{"@id":"https:\/\/www.aracikargom.com\/?page_id=1227#breadcrumb"},"inLanguage":"tr","potentialAction":[{"@type":"ReadAction","target":["https:\/\/www.aracikargom.com\/?page_id=1227"]}]},{"@type":"ImageObject","inLanguage":"tr","@id":"https:\/\/www.aracikargom.com\/?page_id=1227#primaryimage","url":"https:\/\/www.aracikargom.com\/wp-content\/uploads\/2025\/02\/kumas-pankart-tasarimlari-3.png","contentUrl":"https:\/\/www.aracikargom.com\/wp-content\/uploads\/2025\/02\/kumas-pankart-tasarimlari-3.png","width":600,"height":600},{"@type":"BreadcrumbList","@id":"https:\/\/www.aracikargom.com\/?page_id=1227#breadcrumb","itemListElement":[{"@type":"ListItem","position":1,"name":"Anasayfa","item":"https:\/\/www.aracikargom.com\/"},{"@type":"ListItem","position":2,"name":"Fiyatlar\u0131m\u0131z"}]},{"@type":"WebSite","@id":"https:\/\/www.aracikargom.com\/#website","url":"https:\/\/www.aracikargom.com\/","name":"Arac\u0131 Kargom","description":"| \u260e\ufe0fWhatsApp Canl\u0131 Destek: (0537) 272 01 45 |","publisher":{"@id":"https:\/\/www.aracikargom.com\/#organization"},"potentialAction":[{"@type":"SearchAction","target":{"@type":"EntryPoint","urlTemplate":"https:\/\/www.aracikargom.com\/?s={search_term_string}"},"query-input":{"@type":"PropertyValueSpecification","valueRequired":true,"valueName":"search_term_string"}}],"inLanguage":"tr"},{"@type":"Organization","@id":"https:\/\/www.aracikargom.com\/#organization","name":"Arac\u0131 Kargom","alternateName":"Arac\u0131 Kargo","url":"https:\/\/www.aracikargom.com\/","logo":{"@type":"ImageObject","inLanguage":"tr","@id":"https:\/\/www.aracikargom.com\/#\/schema\/logo\/image\/","url":"https:\/\/www.aracikargom.com\/wp-content\/uploads\/2024\/10\/cropped-araci-kargom-logo.png","contentUrl":"https:\/\/www.aracikargom.com\/wp-content\/uploads\/2024\/10\/cropped-araci-kargom-logo.png","width":512,"height":512,"caption":"Arac\u0131 Kargom"},"image":{"@id":"https:\/\/www.aracikargom.com\/#\/schema\/logo\/image\/"}}]}},"_links":{"self":[{"href":"https:\/\/www.aracikargom.com\/index.php?rest_route=\/wp\/v2\/pages\/1227","targetHints":{"allow":["GET"]}}],"collection":[{"href":"https:\/\/www.aracikargom.com\/index.php?rest_route=\/wp\/v2\/pages"}],"about":[{"href":"https:\/\/www.aracikargom.com\/index.php?rest_route=\/wp\/v2\/types\/page"}],"author":[{"embeddable":true,"href":"https:\/\/www.aracikargom.com\/index.php?rest_route=\/wp\/v2\/users\/1"}],"replies":[{"embeddable":true,"href":"https:\/\/www.aracikargom.com\/index.php?rest_route=%2Fwp%2Fv2%2Fcomments&post=1227"}],"version-history":[{"count":7,"href":"https:\/\/www.aracikargom.com\/index.php?rest_route=\/wp\/v2\/pages\/1227\/revisions"}],"predecessor-version":[{"id":1764,"href":"https:\/\/www.aracikargom.com\/index.php?rest_route=\/wp\/v2\/pages\/1227\/revisions\/1764"}],"wp:featuredmedia":[{"embeddable":true,"href":"https:\/\/www.aracikargom.com\/index.php?rest_route=\/wp\/v2\/media\/1642"}],"wp:attachment":[{"href":"https:\/\/www.aracikargom.com\/index.php?rest_route=%2Fwp%2Fv2%2Fmedia&parent=1227"}],"curies":[{"name":"wp","href":"https:\/\/api.w.org\/{rel}","templated":true}]}}