{"id":1335,"date":"2024-07-10T06:55:47","date_gmt":"2024-07-10T06:55:47","guid":{"rendered":"https:\/\/www.aracikargom.com\/?page_id=1335"},"modified":"2025-02-10T07:09:58","modified_gmt":"2025-02-10T07:09:58","slug":"hizmetlerimiz","status":"publish","type":"page","link":"https:\/\/www.aracikargom.com\/?page_id=1335","title":{"rendered":"Kvkk"},"content":{"rendered":"\n<p>Ki\u015fisel Verilerin Korunmas\u0131 Kanunu<\/p>\n\n\n\n<p>Ki\u015fisel Verilerin Korunmas\u0131 Kanunu, 24 Mart 2016 tarihinde T\u00fcrkiye B\u00fcy\u00fck Millet Meclisinde kabul edildikten sonra 7 Nisan 2016 tarih ve 29677 say\u0131l\u0131 Resmi Gazete&#8217;de yay\u0131mlanan yasad\u0131r.<\/p>\n\n\n\n<p>Ki\u015fisel Verilerin Korunmas\u0131 Kanunu,Kapsam\u0131nda Arac\u0131 Kargom ile \u00e7al\u0131\u015fan M\u00fc\u015ferilerin ki\u015fisel bilgileri \u00fc\u00e7\u00fcnc\u00fc sah\u0131slar ile payla\u015f\u0131lmamaktad\u0131r.<\/p>\n\n\n\n<p><br>2010 y\u0131l\u0131nda 5982 say\u0131l\u0131 Kanunla Anayasan\u0131n 20.<br>maddesine eklenen f\u0131kra ile, herkesin kendisiyle ilgili<br>ki\u015fisel verilerin korunmas\u0131n\u0131 isteme hakk\u0131 anayasal<br>bir hak olarak teminat alt\u0131na al\u0131nm\u0131\u015ft\u0131r. Bu ba\u011flamda,<br>bireylerin kendilerini ilgilendiren ki\u015fisel veriler \u00fczerinde<br>hangi hak ve yetkilere sahip oldu\u011fu ve ki\u015fisel verilerin<br>hangi hallerde i\u015flenebilece\u011fi h\u00fckme ba\u011flan\u0131rken,<br>ki\u015fisel verilerin korunmas\u0131na ili\u015fkin usul ve esaslar\u0131n<br>kanunla d\u00fczenlenece\u011fi \u00f6ng\u00f6r\u00fclmektedir.<br>Nitekim, Kanunun 1. maddesinde Kanunun amac\u0131<br>a\u00e7\u0131k bir \u015fekilde belirtilmi\u015ftir. Bu h\u00fckme g\u00f6re ama\u00e7,<br>ki\u015fisel verilerin i\u015flenmesinde ba\u015fta \u00f6zel hayat\u0131n gizlili\u011fi<br>olmak \u00fczere ki\u015filerin temel hak ve \u00f6zg\u00fcrl\u00fcklerini<br>korumak ve ki\u015fisel verileri i\u015fleyen ger\u00e7ek ve t\u00fczel<br>ki\u015filerin y\u00fck\u00fcml\u00fcl\u00fckleri ile uyacaklar\u0131 usul ve esaslar\u0131<br>d\u00fczenlemektir.<br>Maddenin gerek\u00e7esinde de belirtildi\u011fi \u00fczere Kanunun<br>amac\u0131, ki\u015fisel verilerin i\u015flenmesinin disiplin alt\u0131na<br>al\u0131nmas\u0131 ve Anayasada \u00f6ng\u00f6r\u00fclen ba\u015fta \u00f6zel hayat\u0131n<br>gizlili\u011fi olmak \u00fczere temel hak ve \u00f6zg\u00fcrl\u00fcklerin<br>korunmas\u0131d\u0131r. Kanun ile son y\u0131llarda \u00f6nem kazanan,<br>ki\u015finin mahremiyetinin korunmas\u0131 ile veri g\u00fcvenli\u011finin<br>sa\u011flanmas\u0131 ve ki\u015fisel verileri i\u015fleyen ger\u00e7ek ve t\u00fczel<br>ki\u015filerin y\u00fck\u00fcml\u00fcl\u00fckleri ile uyacaklar\u0131 usul ve esaslar\u0131n<br>d\u00fczenlenmesi de bu kapsamda de\u011ferlendirilmektedir.<br>1<br>2 Kanunla, ki\u015fisel verilerin s\u0131n\u0131rs\u0131z bi\u00e7imde ve geli\u015fig\u00fczel<br>toplanmas\u0131n\u0131n, yetkisiz ki\u015filerin eri\u015fimine a\u00e7\u0131lmas\u0131n\u0131n,<br>a\u00e7\u0131klanmas\u0131 veya ama\u00e7 d\u0131\u015f\u0131 ya da k\u00f6t\u00fcye kullan\u0131m\u0131<br>sonucu ki\u015filik haklar\u0131n\u0131n ihlal edilmesinin \u00f6n\u00fcne<br>ge\u00e7ilmesi ama\u00e7lanmaktad\u0131r.<br>Ki\u015fisel verilerin hangi kurallara tabi olarak, hangi<br>\u015fartlarda i\u015flenebilece\u011fi hususunu kontrol alt\u0131na alma<br>amac\u0131n\u0131 g\u00fcden Kanun, ki\u015fisel verilerin i\u015flenmesine<br>ili\u015fkin denetim mekanizmalar\u0131 getirerek, bu verilerin<br>hukuka ayk\u0131r\u0131 olarak i\u015flenmesini engellemeyi<br>hedeflemektedir. Ayr\u0131ca, ki\u015fisel verileri i\u015fleyen ger\u00e7ek<br>ve t\u00fczel ki\u015filerin y\u00fck\u00fcml\u00fcl\u00fckleri ile uyacaklar\u0131 usul ve<br>esaslar\u0131n da d\u00fczenlenmesi Kanunun ama\u00e7lar\u0131 aras\u0131nda<br>yer almaktad\u0131r.<br>Bu maddeye g\u00f6re Kanunun amac\u0131:<\/p>\n\n\n\n<ul class=\"wp-block-list\">\n<li>Ki\u015fisel verilerin i\u015flenmesinde, ki\u015filerin temel hak ve<br>\u00f6zg\u00fcrl\u00fcklerini korumak,<\/li>\n\n\n\n<li>Ki\u015fisel verileri i\u015fleyen ger\u00e7ek ve t\u00fczel ki\u015filerin<br>y\u00fck\u00fcml\u00fcl\u00fckleri ile uyacaklar\u0131 usul ve esaslar\u0131<br>d\u00fczenlemek (disiplin alt\u0131na almak),<\/li>\n\n\n\n<li>Ki\u015filerin mahremiyetini korumak (\u00f6zel hayat\u0131n<br>gizlili\u011fi),<\/li>\n\n\n\n<li>Ki\u015fisel veri g\u00fcvenli\u011fini sa\u011flamak,<br>olarak say\u0131labilir.<br>3<br>KAPSAM<\/li>\n<\/ul>\n\n\n\n<ol class=\"wp-block-list\">\n<li>Kanunun Kapsam\u0131<br>Kanunun 2. maddesinde, Kanunun kapsam\u0131 belirtilmi\u015ftir.<br>Bu maddeye g\u00f6re Kanun, ki\u015fisel verileri i\u015flenen ger\u00e7ek<br>ki\u015filer ile bu verileri tamamen veya k\u0131smen otomatik olan<br>ya da herhangi bir veri kay\u0131t sisteminin par\u00e7as\u0131 olmak<br>kayd\u0131yla otomatik olmayan yollarla i\u015fleyen ger\u00e7ek ve t\u00fczel<br>ki\u015filer hakk\u0131nda uygulanacakt\u0131r.<br>Kanunda kamu kurumlar\u0131 ile \u00f6zel kurulu\u015flar a\u00e7\u0131s\u0131ndan<br>ayr\u0131m yap\u0131lmam\u0131\u015ft\u0131r. Kanunun belirledi\u011fi usul ve esaslar<br>kural olarak t\u00fcm kurum ve kurulu\u015flar i\u00e7in ge\u00e7erlidir.<br>Dolay\u0131s\u0131yla kamu kurumlar\u0131n\u0131n i\u015fledi\u011fi ki\u015fisel veriler<br>hakk\u0131nda da bu Kanun h\u00fck\u00fcmleri uygulanacakt\u0131r.<br>6698 say\u0131l\u0131 Kanun kapsam\u0131nda koruma alt\u0131na al\u0131nan<br>ki\u015fisel veriler sadece ger\u00e7ek ki\u015filere ait olan ki\u015fisel<br>veriler olup, t\u00fczel ki\u015filere ait olanlar koruma alt\u0131nda<br>bulunmamaktad\u0131r. Fakat t\u00fczel ki\u015fiye ait verinin elde<br>edilmesi, bir veya birden fazla ger\u00e7ek ki\u015finin kimli\u011finin<br>belirlenmesine neden oluyor ise, bu t\u00fcr verilerin de<br>Kanunun korumas\u0131ndan yararlanmas\u0131 m\u00fcmk\u00fcn olabilir.<br>Bu durumda da esasen korunan, ger\u00e7ek ki\u015fiye ili\u015fkin<br>ki\u015fisel veriler olmaktad\u0131r.<br>4 Kanunda ki\u015fisel verilerin k\u0131smen veya tamamen otomatik<br>olan ya da herhangi bir veri kay\u0131t sisteminin par\u00e7as\u0131 olmak<br>kayd\u0131yla otomatik olmayan yollarla i\u015flenmesi bak\u0131m\u0131ndan<br>da herhangi bir fark \u00f6ng\u00f6r\u00fclmemi\u015ftir. Bu do\u011frultuda<br>ki\u015fisel verilere ula\u015f\u0131m\u0131 kolayla\u015ft\u0131racak \u015fekilde, belirli<br>bir kritere g\u00f6re yap\u0131land\u0131r\u0131lm\u0131\u015f her t\u00fcrl\u00fc sistem Kanun<br>kapsam\u0131nda de\u011ferlendirilecektir.<br>G\u00fcn\u00fcm\u00fczde ki\u015fisel veriler, b\u00fcy\u00fck oranda otomatik<br>yollarla i\u015flenmektedir. Daha \u00f6nce otomatik olmayan<br>yollarla i\u015flenmi\u015f verilerin ise, pek \u00e7ok yerde h\u0131zla<br>elektronik ortama aktar\u0131ld\u0131\u011f\u0131 g\u00f6r\u00fclmektedir. Buna<br>ba\u011fl\u0131 olarak, \u201ctamamen veya k\u0131smen otomatik yollarla<br>i\u015flenen veriler\u201d ve \u201cherhangi bir veri kay\u0131t sisteminin<br>par\u00e7as\u0131 olmak kayd\u0131yla otomatik olmayan yollarla<br>i\u015flenen veriler\u201d 6698 say\u0131l\u0131 Kanun kapsam\u0131nda koruma<br>alt\u0131na al\u0131nm\u0131\u015ft\u0131r. Dolay\u0131s\u0131yla Kanun otomatik olmayan<br>yollarla i\u015flenen verileri tamamen kapsam d\u0131\u015f\u0131nda<br>b\u0131rakmamaktad\u0131r. Burada \u00f6nemli olan otomatik<br>olmayan yollarla i\u015flenen verilerin veri kay\u0131t sisteminin<br>par\u00e7as\u0131 olup olmad\u0131\u011f\u0131d\u0131r. \u00d6rne\u011fin, herhangi bir kritere<br>ba\u011fl\u0131 olmaks\u0131z\u0131n ki\u015filerin ad ve soyadlar\u0131n\u0131n rastgele<br>bir \u015fekilde ka\u011f\u0131tta yer almas\u0131 hali Kanun kapsam\u0131na<br>girmemekle birlikte, s\u00f6z konusu isimlerin belirli bir<br>kritere g\u00f6re bir ka\u011f\u0131da kaydedilmesi halinde, bu veri<br>kayd\u0131 Kanun kapsam\u0131nda de\u011ferlendirilecektir<\/li>\n<\/ol>\n","protected":false},"excerpt":{"rendered":"<p>Ki\u015fisel Verilerin Korunmas\u0131 Kanunu Ki\u015fisel Verilerin Korunmas\u0131 Kanunu, 24 Mart 2016 tarihinde T\u00fcrkiye B\u00fcy\u00fck Millet Meclisinde kabul edildikten sonra 7 Nisan 2016 tarih ve 29677 say\u0131l\u0131 Resmi Gazete&#8217;de yay\u0131mlanan yasad\u0131r. Ki\u015fisel Verilerin Korunmas\u0131 Kanunu,Kapsam\u0131nda Arac\u0131 Kargom ile \u00e7al\u0131\u015fan M\u00fc\u015ferilerin ki\u015fisel bilgileri \u00fc\u00e7\u00fcnc\u00fc sah\u0131slar ile payla\u015f\u0131lmamaktad\u0131r. 2010 y\u0131l\u0131nda 5982 say\u0131l\u0131 Kanunla Anayasan\u0131n 20.maddesine eklenen f\u0131kra ile, [&hellip;]<\/p>\n","protected":false},"author":1,"featured_media":1552,"parent":0,"menu_order":0,"comment_status":"closed","ping_status":"closed","template":"","meta":{"footnotes":""},"class_list":["post-1335","page","type-page","status-publish","has-post-thumbnail","hentry"],"yoast_head":"<!-- This site is optimized with the Yoast SEO plugin v25.6 - https:\/\/yoast.com\/wordpress\/plugins\/seo\/ -->\n<title>Arac\u0131 Kargom Ki\u015fisel Verilerin Korunmas\u0131 Kanunu<\/title>\n<meta name=\"description\" content=\"Ki\u015fisel Verilerin Korunmas\u0131 KanunuKi\u015fisel Verilerin Korunmas\u0131 Kanunu, 24 Mart 2016 tarihinde T\u00fcrkiye B\u00fcy\u00fck Millet Meclisinde kabul edildikten sonra 7 Nisan 2016 tarih ve 29677 say\u0131l\u0131 Resmi Gazete&#039;de yay\u0131mlanan yasad\u0131r.Ki\u015fisel Verilerin Korunmas\u0131 Kanunu,Kapsam\u0131nda Arac\u0131 Kargom ile \u00e7al\u0131\u015fan M\u00fc\u015ferilerin ki\u015fisel bilgileri \u00fc\u00e7\u00fcnc\u00fc sah\u0131slar ile payla\u015f\u0131lmamaktad\u0131r.\" \/>\n<meta name=\"robots\" content=\"index, follow, max-snippet:-1, max-image-preview:large, max-video-preview:-1\" \/>\n<link rel=\"canonical\" href=\"https:\/\/www.aracikargom.com\/?page_id=1335\" \/>\n<meta property=\"og:locale\" content=\"tr_TR\" \/>\n<meta property=\"og:type\" content=\"article\" \/>\n<meta property=\"og:title\" content=\"Arac\u0131 Kargom Ki\u015fisel Verilerin Korunmas\u0131 Kanunu\" \/>\n<meta property=\"og:description\" content=\"Ki\u015fisel Verilerin Korunmas\u0131 KanunuKi\u015fisel Verilerin Korunmas\u0131 Kanunu, 24 Mart 2016 tarihinde T\u00fcrkiye B\u00fcy\u00fck Millet Meclisinde kabul edildikten sonra 7 Nisan 2016 tarih ve 29677 say\u0131l\u0131 Resmi Gazete&#039;de yay\u0131mlanan yasad\u0131r.Ki\u015fisel Verilerin Korunmas\u0131 Kanunu,Kapsam\u0131nda Arac\u0131 Kargom ile \u00e7al\u0131\u015fan M\u00fc\u015ferilerin ki\u015fisel bilgileri \u00fc\u00e7\u00fcnc\u00fc sah\u0131slar ile payla\u015f\u0131lmamaktad\u0131r.\" \/>\n<meta property=\"og:url\" content=\"https:\/\/www.aracikargom.com\/?page_id=1335\" \/>\n<meta property=\"og:site_name\" content=\"Arac\u0131 Kargom\" \/>\n<meta property=\"article:modified_time\" content=\"2025-02-10T07:09:58+00:00\" \/>\n<meta property=\"og:image\" content=\"https:\/\/www.aracikargom.com\/wp-content\/uploads\/2024\/11\/Kapida-Odemeli-Kargo-gondermenin-Avantajlari.png\" \/>\n\t<meta property=\"og:image:width\" content=\"500\" \/>\n\t<meta property=\"og:image:height\" content=\"500\" \/>\n\t<meta property=\"og:image:type\" content=\"image\/png\" \/>\n<meta name=\"twitter:card\" content=\"summary_large_image\" \/>\n<meta name=\"twitter:label1\" content=\"Tahmini okuma s\u00fcresi\" \/>\n\t<meta name=\"twitter:data1\" content=\"5 dakika\" \/>\n<script type=\"application\/ld+json\" class=\"yoast-schema-graph\">{\"@context\":\"https:\/\/schema.org\",\"@graph\":[{\"@type\":\"WebPage\",\"@id\":\"https:\/\/www.aracikargom.com\/?page_id=1335\",\"url\":\"https:\/\/www.aracikargom.com\/?page_id=1335\",\"name\":\"Arac\u0131 Kargom Ki\u015fisel Verilerin Korunmas\u0131 Kanunu\",\"isPartOf\":{\"@id\":\"https:\/\/www.aracikargom.com\/#website\"},\"primaryImageOfPage\":{\"@id\":\"https:\/\/www.aracikargom.com\/?page_id=1335#primaryimage\"},\"image\":{\"@id\":\"https:\/\/www.aracikargom.com\/?page_id=1335#primaryimage\"},\"thumbnailUrl\":\"https:\/\/www.aracikargom.com\/wp-content\/uploads\/2024\/11\/Kapida-Odemeli-Kargo-gondermenin-Avantajlari.png\",\"datePublished\":\"2024-07-10T06:55:47+00:00\",\"dateModified\":\"2025-02-10T07:09:58+00:00\",\"description\":\"Ki\u015fisel Verilerin Korunmas\u0131 KanunuKi\u015fisel Verilerin Korunmas\u0131 Kanunu, 24 Mart 2016 tarihinde T\u00fcrkiye B\u00fcy\u00fck Millet Meclisinde kabul edildikten sonra 7 Nisan 2016 tarih ve 29677 say\u0131l\u0131 Resmi Gazete'de yay\u0131mlanan yasad\u0131r.Ki\u015fisel Verilerin Korunmas\u0131 Kanunu,Kapsam\u0131nda Arac\u0131 Kargom ile \u00e7al\u0131\u015fan M\u00fc\u015ferilerin ki\u015fisel bilgileri \u00fc\u00e7\u00fcnc\u00fc sah\u0131slar ile payla\u015f\u0131lmamaktad\u0131r.\",\"breadcrumb\":{\"@id\":\"https:\/\/www.aracikargom.com\/?page_id=1335#breadcrumb\"},\"inLanguage\":\"tr\",\"potentialAction\":[{\"@type\":\"ReadAction\",\"target\":[\"https:\/\/www.aracikargom.com\/?page_id=1335\"]}]},{\"@type\":\"ImageObject\",\"inLanguage\":\"tr\",\"@id\":\"https:\/\/www.aracikargom.com\/?page_id=1335#primaryimage\",\"url\":\"https:\/\/www.aracikargom.com\/wp-content\/uploads\/2024\/11\/Kapida-Odemeli-Kargo-gondermenin-Avantajlari.png\",\"contentUrl\":\"https:\/\/www.aracikargom.com\/wp-content\/uploads\/2024\/11\/Kapida-Odemeli-Kargo-gondermenin-Avantajlari.png\",\"width\":500,\"height\":500,\"caption\":\"Vergi Kayd\u0131n\u0131z Olmadan Kap\u0131da \u00d6demeli Kargo Anla\u015fmas\u0131?\"},{\"@type\":\"BreadcrumbList\",\"@id\":\"https:\/\/www.aracikargom.com\/?page_id=1335#breadcrumb\",\"itemListElement\":[{\"@type\":\"ListItem\",\"position\":1,\"name\":\"Anasayfa\",\"item\":\"https:\/\/www.aracikargom.com\/\"},{\"@type\":\"ListItem\",\"position\":2,\"name\":\"Kvkk\"}]},{\"@type\":\"WebSite\",\"@id\":\"https:\/\/www.aracikargom.com\/#website\",\"url\":\"https:\/\/www.aracikargom.com\/\",\"name\":\"Arac\u0131 Kargom\",\"description\":\"| \u260e\ufe0fWhatsApp Canl\u0131 Destek: (0537) 272 01 45 |\",\"publisher\":{\"@id\":\"https:\/\/www.aracikargom.com\/#organization\"},\"potentialAction\":[{\"@type\":\"SearchAction\",\"target\":{\"@type\":\"EntryPoint\",\"urlTemplate\":\"https:\/\/www.aracikargom.com\/?s={search_term_string}\"},\"query-input\":{\"@type\":\"PropertyValueSpecification\",\"valueRequired\":true,\"valueName\":\"search_term_string\"}}],\"inLanguage\":\"tr\"},{\"@type\":\"Organization\",\"@id\":\"https:\/\/www.aracikargom.com\/#organization\",\"name\":\"Arac\u0131 Kargom\",\"alternateName\":\"Arac\u0131 Kargo\",\"url\":\"https:\/\/www.aracikargom.com\/\",\"logo\":{\"@type\":\"ImageObject\",\"inLanguage\":\"tr\",\"@id\":\"https:\/\/www.aracikargom.com\/#\/schema\/logo\/image\/\",\"url\":\"https:\/\/www.aracikargom.com\/wp-content\/uploads\/2024\/10\/cropped-araci-kargom-logo.png\",\"contentUrl\":\"https:\/\/www.aracikargom.com\/wp-content\/uploads\/2024\/10\/cropped-araci-kargom-logo.png\",\"width\":512,\"height\":512,\"caption\":\"Arac\u0131 Kargom\"},\"image\":{\"@id\":\"https:\/\/www.aracikargom.com\/#\/schema\/logo\/image\/\"}}]}<\/script>\n<!-- \/ Yoast SEO plugin. -->","yoast_head_json":{"title":"Arac\u0131 Kargom Ki\u015fisel Verilerin Korunmas\u0131 Kanunu","description":"Ki\u015fisel Verilerin Korunmas\u0131 KanunuKi\u015fisel Verilerin Korunmas\u0131 Kanunu, 24 Mart 2016 tarihinde T\u00fcrkiye B\u00fcy\u00fck Millet Meclisinde kabul edildikten sonra 7 Nisan 2016 tarih ve 29677 say\u0131l\u0131 Resmi Gazete'de yay\u0131mlanan yasad\u0131r.Ki\u015fisel Verilerin Korunmas\u0131 Kanunu,Kapsam\u0131nda Arac\u0131 Kargom ile \u00e7al\u0131\u015fan M\u00fc\u015ferilerin ki\u015fisel bilgileri \u00fc\u00e7\u00fcnc\u00fc sah\u0131slar ile payla\u015f\u0131lmamaktad\u0131r.","robots":{"index":"index","follow":"follow","max-snippet":"max-snippet:-1","max-image-preview":"max-image-preview:large","max-video-preview":"max-video-preview:-1"},"canonical":"https:\/\/www.aracikargom.com\/?page_id=1335","og_locale":"tr_TR","og_type":"article","og_title":"Arac\u0131 Kargom Ki\u015fisel Verilerin Korunmas\u0131 Kanunu","og_description":"Ki\u015fisel Verilerin Korunmas\u0131 KanunuKi\u015fisel Verilerin Korunmas\u0131 Kanunu, 24 Mart 2016 tarihinde T\u00fcrkiye B\u00fcy\u00fck Millet Meclisinde kabul edildikten sonra 7 Nisan 2016 tarih ve 29677 say\u0131l\u0131 Resmi Gazete'de yay\u0131mlanan yasad\u0131r.Ki\u015fisel Verilerin Korunmas\u0131 Kanunu,Kapsam\u0131nda Arac\u0131 Kargom ile \u00e7al\u0131\u015fan M\u00fc\u015ferilerin ki\u015fisel bilgileri \u00fc\u00e7\u00fcnc\u00fc sah\u0131slar ile payla\u015f\u0131lmamaktad\u0131r.","og_url":"https:\/\/www.aracikargom.com\/?page_id=1335","og_site_name":"Arac\u0131 Kargom","article_modified_time":"2025-02-10T07:09:58+00:00","og_image":[{"width":500,"height":500,"url":"https:\/\/www.aracikargom.com\/wp-content\/uploads\/2024\/11\/Kapida-Odemeli-Kargo-gondermenin-Avantajlari.png","type":"image\/png"}],"twitter_card":"summary_large_image","twitter_misc":{"Tahmini okuma s\u00fcresi":"5 dakika"},"schema":{"@context":"https:\/\/schema.org","@graph":[{"@type":"WebPage","@id":"https:\/\/www.aracikargom.com\/?page_id=1335","url":"https:\/\/www.aracikargom.com\/?page_id=1335","name":"Arac\u0131 Kargom Ki\u015fisel Verilerin Korunmas\u0131 Kanunu","isPartOf":{"@id":"https:\/\/www.aracikargom.com\/#website"},"primaryImageOfPage":{"@id":"https:\/\/www.aracikargom.com\/?page_id=1335#primaryimage"},"image":{"@id":"https:\/\/www.aracikargom.com\/?page_id=1335#primaryimage"},"thumbnailUrl":"https:\/\/www.aracikargom.com\/wp-content\/uploads\/2024\/11\/Kapida-Odemeli-Kargo-gondermenin-Avantajlari.png","datePublished":"2024-07-10T06:55:47+00:00","dateModified":"2025-02-10T07:09:58+00:00","description":"Ki\u015fisel Verilerin Korunmas\u0131 KanunuKi\u015fisel Verilerin Korunmas\u0131 Kanunu, 24 Mart 2016 tarihinde T\u00fcrkiye B\u00fcy\u00fck Millet Meclisinde kabul edildikten sonra 7 Nisan 2016 tarih ve 29677 say\u0131l\u0131 Resmi Gazete'de yay\u0131mlanan yasad\u0131r.Ki\u015fisel Verilerin Korunmas\u0131 Kanunu,Kapsam\u0131nda Arac\u0131 Kargom ile \u00e7al\u0131\u015fan M\u00fc\u015ferilerin ki\u015fisel bilgileri \u00fc\u00e7\u00fcnc\u00fc sah\u0131slar ile payla\u015f\u0131lmamaktad\u0131r.","breadcrumb":{"@id":"https:\/\/www.aracikargom.com\/?page_id=1335#breadcrumb"},"inLanguage":"tr","potentialAction":[{"@type":"ReadAction","target":["https:\/\/www.aracikargom.com\/?page_id=1335"]}]},{"@type":"ImageObject","inLanguage":"tr","@id":"https:\/\/www.aracikargom.com\/?page_id=1335#primaryimage","url":"https:\/\/www.aracikargom.com\/wp-content\/uploads\/2024\/11\/Kapida-Odemeli-Kargo-gondermenin-Avantajlari.png","contentUrl":"https:\/\/www.aracikargom.com\/wp-content\/uploads\/2024\/11\/Kapida-Odemeli-Kargo-gondermenin-Avantajlari.png","width":500,"height":500,"caption":"Vergi Kayd\u0131n\u0131z Olmadan Kap\u0131da \u00d6demeli Kargo Anla\u015fmas\u0131?"},{"@type":"BreadcrumbList","@id":"https:\/\/www.aracikargom.com\/?page_id=1335#breadcrumb","itemListElement":[{"@type":"ListItem","position":1,"name":"Anasayfa","item":"https:\/\/www.aracikargom.com\/"},{"@type":"ListItem","position":2,"name":"Kvkk"}]},{"@type":"WebSite","@id":"https:\/\/www.aracikargom.com\/#website","url":"https:\/\/www.aracikargom.com\/","name":"Arac\u0131 Kargom","description":"| \u260e\ufe0fWhatsApp Canl\u0131 Destek: (0537) 272 01 45 |","publisher":{"@id":"https:\/\/www.aracikargom.com\/#organization"},"potentialAction":[{"@type":"SearchAction","target":{"@type":"EntryPoint","urlTemplate":"https:\/\/www.aracikargom.com\/?s={search_term_string}"},"query-input":{"@type":"PropertyValueSpecification","valueRequired":true,"valueName":"search_term_string"}}],"inLanguage":"tr"},{"@type":"Organization","@id":"https:\/\/www.aracikargom.com\/#organization","name":"Arac\u0131 Kargom","alternateName":"Arac\u0131 Kargo","url":"https:\/\/www.aracikargom.com\/","logo":{"@type":"ImageObject","inLanguage":"tr","@id":"https:\/\/www.aracikargom.com\/#\/schema\/logo\/image\/","url":"https:\/\/www.aracikargom.com\/wp-content\/uploads\/2024\/10\/cropped-araci-kargom-logo.png","contentUrl":"https:\/\/www.aracikargom.com\/wp-content\/uploads\/2024\/10\/cropped-araci-kargom-logo.png","width":512,"height":512,"caption":"Arac\u0131 Kargom"},"image":{"@id":"https:\/\/www.aracikargom.com\/#\/schema\/logo\/image\/"}}]}},"_links":{"self":[{"href":"https:\/\/www.aracikargom.com\/index.php?rest_route=\/wp\/v2\/pages\/1335","targetHints":{"allow":["GET"]}}],"collection":[{"href":"https:\/\/www.aracikargom.com\/index.php?rest_route=\/wp\/v2\/pages"}],"about":[{"href":"https:\/\/www.aracikargom.com\/index.php?rest_route=\/wp\/v2\/types\/page"}],"author":[{"embeddable":true,"href":"https:\/\/www.aracikargom.com\/index.php?rest_route=\/wp\/v2\/users\/1"}],"replies":[{"embeddable":true,"href":"https:\/\/www.aracikargom.com\/index.php?rest_route=%2Fwp%2Fv2%2Fcomments&post=1335"}],"version-history":[{"count":3,"href":"https:\/\/www.aracikargom.com\/index.php?rest_route=\/wp\/v2\/pages\/1335\/revisions"}],"predecessor-version":[{"id":1723,"href":"https:\/\/www.aracikargom.com\/index.php?rest_route=\/wp\/v2\/pages\/1335\/revisions\/1723"}],"wp:featuredmedia":[{"embeddable":true,"href":"https:\/\/www.aracikargom.com\/index.php?rest_route=\/wp\/v2\/media\/1552"}],"wp:attachment":[{"href":"https:\/\/www.aracikargom.com\/index.php?rest_route=%2Fwp%2Fv2%2Fmedia&parent=1335"}],"curies":[{"name":"wp","href":"https:\/\/api.w.org\/{rel}","templated":true}]}}