{"id":1659,"date":"2025-02-06T20:25:16","date_gmt":"2025-02-06T20:25:16","guid":{"rendered":"https:\/\/www.aracikargom.com\/?page_id=1659"},"modified":"2025-11-01T06:58:19","modified_gmt":"2025-11-01T06:58:19","slug":"iletisim-2","status":"publish","type":"page","link":"https:\/\/www.aracikargom.com\/?page_id=1659","title":{"rendered":"\u0130leti\u015fim"},"content":{"rendered":"\n<p>Arac\u0131 Kargom Genel M\u00fcd\u00fcr\u00fcl\u00fck : Eski B\u00fcy\u00fckdere Caddesi No : 4Levent \/ \u0130stanbul<\/p>\n\n\n\n<p>WEB : <a href=\"https:\/\/www.aracikargom.com\/\">www.aracikargom.com<\/a><\/p>\n\n\n\n<p>E-Mail : aracikargom@gmail.com<\/p>\n\n\n\n<p><\/p>\n","protected":false},"excerpt":{"rendered":"<p>Arac\u0131 Kargom Genel M\u00fcd\u00fcr\u00fcl\u00fck : Eski B\u00fcy\u00fckdere Caddesi No : 4Levent \/ \u0130stanbul WEB : www.aracikargom.com E-Mail : aracikargom@gmail.com<\/p>\n","protected":false},"author":1,"featured_media":1280,"parent":0,"menu_order":0,"comment_status":"closed","ping_status":"closed","template":"","meta":{"footnotes":""},"class_list":["post-1659","page","type-page","status-publish","has-post-thumbnail","hentry"],"yoast_head":"<!-- This site is optimized with the Yoast SEO plugin v25.6 - https:\/\/yoast.com\/wordpress\/plugins\/seo\/ -->\n<title>Arac\u0131 Kargo WhatsApp Canl\u0131 Destek 0537 272 01 45<\/title>\n<meta name=\"description\" content=\"Arac\u0131 Kargom Genel M\u00fcd\u00fcr\u00fcl\u00fck : Eski B\u00fcy\u00fckdere Caddesi No : 4Levent \/ \u0130stanbulWEB : www.aracikargom.comE-Mail : aracikargom@gmail.com\u0130LET\u0130\u015e\u0130M : WhatsApp\u00a0 Canl\u0131 Destek Hatt\u0131m\u0131z : 0537 272 01 45\" \/>\n<meta name=\"robots\" content=\"index, follow, max-snippet:-1, max-image-preview:large, max-video-preview:-1\" \/>\n<link rel=\"canonical\" href=\"https:\/\/www.aracikargom.com\/?page_id=1659\" \/>\n<meta property=\"og:locale\" content=\"tr_TR\" \/>\n<meta property=\"og:type\" content=\"article\" \/>\n<meta property=\"og:title\" content=\"Arac\u0131 Kargo WhatsApp Canl\u0131 Destek 0537 272 01 45\" \/>\n<meta property=\"og:description\" content=\"Arac\u0131 Kargom Genel M\u00fcd\u00fcr\u00fcl\u00fck : Eski B\u00fcy\u00fckdere Caddesi No : 4Levent \/ \u0130stanbulWEB : www.aracikargom.comE-Mail : aracikargom@gmail.com\u0130LET\u0130\u015e\u0130M : WhatsApp\u00a0 Canl\u0131 Destek Hatt\u0131m\u0131z : 0537 272 01 45\" \/>\n<meta property=\"og:url\" content=\"https:\/\/www.aracikargom.com\/?page_id=1659\" \/>\n<meta property=\"og:site_name\" content=\"Arac\u0131 Kargom\" \/>\n<meta property=\"article:modified_time\" content=\"2025-11-01T06:58:19+00:00\" \/>\n<meta property=\"og:image\" content=\"https:\/\/www.aracikargom.com\/wp-content\/uploads\/2024\/07\/3.png\" \/>\n\t<meta property=\"og:image:width\" content=\"1280\" \/>\n\t<meta property=\"og:image:height\" content=\"720\" \/>\n\t<meta property=\"og:image:type\" content=\"image\/png\" \/>\n<meta name=\"twitter:card\" content=\"summary_large_image\" \/>\n<meta name=\"twitter:label1\" content=\"Tahmini okuma s\u00fcresi\" \/>\n\t<meta name=\"twitter:data1\" content=\"1 dakika\" \/>\n<script type=\"application\/ld+json\" class=\"yoast-schema-graph\">{\"@context\":\"https:\/\/schema.org\",\"@graph\":[{\"@type\":\"WebPage\",\"@id\":\"https:\/\/www.aracikargom.com\/?page_id=1659\",\"url\":\"https:\/\/www.aracikargom.com\/?page_id=1659\",\"name\":\"Arac\u0131 Kargo WhatsApp Canl\u0131 Destek 0537 272 01 45\",\"isPartOf\":{\"@id\":\"https:\/\/www.aracikargom.com\/#website\"},\"primaryImageOfPage\":{\"@id\":\"https:\/\/www.aracikargom.com\/?page_id=1659#primaryimage\"},\"image\":{\"@id\":\"https:\/\/www.aracikargom.com\/?page_id=1659#primaryimage\"},\"thumbnailUrl\":\"https:\/\/www.aracikargom.com\/wp-content\/uploads\/2024\/07\/3.png\",\"datePublished\":\"2025-02-06T20:25:16+00:00\",\"dateModified\":\"2025-11-01T06:58:19+00:00\",\"description\":\"Arac\u0131 Kargom Genel M\u00fcd\u00fcr\u00fcl\u00fck : Eski B\u00fcy\u00fckdere Caddesi No : 4Levent \/ \u0130stanbulWEB : www.aracikargom.comE-Mail : aracikargom@gmail.com\u0130LET\u0130\u015e\u0130M : WhatsApp\u00a0 Canl\u0131 Destek Hatt\u0131m\u0131z : 0537 272 01 45\",\"breadcrumb\":{\"@id\":\"https:\/\/www.aracikargom.com\/?page_id=1659#breadcrumb\"},\"inLanguage\":\"tr\",\"potentialAction\":[{\"@type\":\"ReadAction\",\"target\":[\"https:\/\/www.aracikargom.com\/?page_id=1659\"]}]},{\"@type\":\"ImageObject\",\"inLanguage\":\"tr\",\"@id\":\"https:\/\/www.aracikargom.com\/?page_id=1659#primaryimage\",\"url\":\"https:\/\/www.aracikargom.com\/wp-content\/uploads\/2024\/07\/3.png\",\"contentUrl\":\"https:\/\/www.aracikargom.com\/wp-content\/uploads\/2024\/07\/3.png\",\"width\":1280,\"height\":720},{\"@type\":\"BreadcrumbList\",\"@id\":\"https:\/\/www.aracikargom.com\/?page_id=1659#breadcrumb\",\"itemListElement\":[{\"@type\":\"ListItem\",\"position\":1,\"name\":\"Anasayfa\",\"item\":\"https:\/\/www.aracikargom.com\/\"},{\"@type\":\"ListItem\",\"position\":2,\"name\":\"\u0130leti\u015fim\"}]},{\"@type\":\"WebSite\",\"@id\":\"https:\/\/www.aracikargom.com\/#website\",\"url\":\"https:\/\/www.aracikargom.com\/\",\"name\":\"Arac\u0131 Kargom\",\"description\":\"| \u260e\ufe0fWhatsApp Canl\u0131 Destek: (0537) 272 01 45 |\",\"publisher\":{\"@id\":\"https:\/\/www.aracikargom.com\/#organization\"},\"potentialAction\":[{\"@type\":\"SearchAction\",\"target\":{\"@type\":\"EntryPoint\",\"urlTemplate\":\"https:\/\/www.aracikargom.com\/?s={search_term_string}\"},\"query-input\":{\"@type\":\"PropertyValueSpecification\",\"valueRequired\":true,\"valueName\":\"search_term_string\"}}],\"inLanguage\":\"tr\"},{\"@type\":\"Organization\",\"@id\":\"https:\/\/www.aracikargom.com\/#organization\",\"name\":\"Arac\u0131 Kargom\",\"alternateName\":\"Arac\u0131 Kargo\",\"url\":\"https:\/\/www.aracikargom.com\/\",\"logo\":{\"@type\":\"ImageObject\",\"inLanguage\":\"tr\",\"@id\":\"https:\/\/www.aracikargom.com\/#\/schema\/logo\/image\/\",\"url\":\"https:\/\/www.aracikargom.com\/wp-content\/uploads\/2024\/10\/cropped-araci-kargom-logo.png\",\"contentUrl\":\"https:\/\/www.aracikargom.com\/wp-content\/uploads\/2024\/10\/cropped-araci-kargom-logo.png\",\"width\":512,\"height\":512,\"caption\":\"Arac\u0131 Kargom\"},\"image\":{\"@id\":\"https:\/\/www.aracikargom.com\/#\/schema\/logo\/image\/\"}}]}<\/script>\n<!-- \/ Yoast SEO plugin. -->","yoast_head_json":{"title":"Arac\u0131 Kargo WhatsApp Canl\u0131 Destek 0537 272 01 45","description":"Arac\u0131 Kargom Genel M\u00fcd\u00fcr\u00fcl\u00fck : Eski B\u00fcy\u00fckdere Caddesi No : 4Levent \/ \u0130stanbulWEB : www.aracikargom.comE-Mail : aracikargom@gmail.com\u0130LET\u0130\u015e\u0130M : WhatsApp\u00a0 Canl\u0131 Destek Hatt\u0131m\u0131z : 0537 272 01 45","robots":{"index":"index","follow":"follow","max-snippet":"max-snippet:-1","max-image-preview":"max-image-preview:large","max-video-preview":"max-video-preview:-1"},"canonical":"https:\/\/www.aracikargom.com\/?page_id=1659","og_locale":"tr_TR","og_type":"article","og_title":"Arac\u0131 Kargo WhatsApp Canl\u0131 Destek 0537 272 01 45","og_description":"Arac\u0131 Kargom Genel M\u00fcd\u00fcr\u00fcl\u00fck : Eski B\u00fcy\u00fckdere Caddesi No : 4Levent \/ \u0130stanbulWEB : www.aracikargom.comE-Mail : aracikargom@gmail.com\u0130LET\u0130\u015e\u0130M : WhatsApp\u00a0 Canl\u0131 Destek Hatt\u0131m\u0131z : 0537 272 01 45","og_url":"https:\/\/www.aracikargom.com\/?page_id=1659","og_site_name":"Arac\u0131 Kargom","article_modified_time":"2025-11-01T06:58:19+00:00","og_image":[{"width":1280,"height":720,"url":"https:\/\/www.aracikargom.com\/wp-content\/uploads\/2024\/07\/3.png","type":"image\/png"}],"twitter_card":"summary_large_image","twitter_misc":{"Tahmini okuma s\u00fcresi":"1 dakika"},"schema":{"@context":"https:\/\/schema.org","@graph":[{"@type":"WebPage","@id":"https:\/\/www.aracikargom.com\/?page_id=1659","url":"https:\/\/www.aracikargom.com\/?page_id=1659","name":"Arac\u0131 Kargo WhatsApp Canl\u0131 Destek 0537 272 01 45","isPartOf":{"@id":"https:\/\/www.aracikargom.com\/#website"},"primaryImageOfPage":{"@id":"https:\/\/www.aracikargom.com\/?page_id=1659#primaryimage"},"image":{"@id":"https:\/\/www.aracikargom.com\/?page_id=1659#primaryimage"},"thumbnailUrl":"https:\/\/www.aracikargom.com\/wp-content\/uploads\/2024\/07\/3.png","datePublished":"2025-02-06T20:25:16+00:00","dateModified":"2025-11-01T06:58:19+00:00","description":"Arac\u0131 Kargom Genel M\u00fcd\u00fcr\u00fcl\u00fck : Eski B\u00fcy\u00fckdere Caddesi No : 4Levent \/ \u0130stanbulWEB : www.aracikargom.comE-Mail : aracikargom@gmail.com\u0130LET\u0130\u015e\u0130M : WhatsApp\u00a0 Canl\u0131 Destek Hatt\u0131m\u0131z : 0537 272 01 45","breadcrumb":{"@id":"https:\/\/www.aracikargom.com\/?page_id=1659#breadcrumb"},"inLanguage":"tr","potentialAction":[{"@type":"ReadAction","target":["https:\/\/www.aracikargom.com\/?page_id=1659"]}]},{"@type":"ImageObject","inLanguage":"tr","@id":"https:\/\/www.aracikargom.com\/?page_id=1659#primaryimage","url":"https:\/\/www.aracikargom.com\/wp-content\/uploads\/2024\/07\/3.png","contentUrl":"https:\/\/www.aracikargom.com\/wp-content\/uploads\/2024\/07\/3.png","width":1280,"height":720},{"@type":"BreadcrumbList","@id":"https:\/\/www.aracikargom.com\/?page_id=1659#breadcrumb","itemListElement":[{"@type":"ListItem","position":1,"name":"Anasayfa","item":"https:\/\/www.aracikargom.com\/"},{"@type":"ListItem","position":2,"name":"\u0130leti\u015fim"}]},{"@type":"WebSite","@id":"https:\/\/www.aracikargom.com\/#website","url":"https:\/\/www.aracikargom.com\/","name":"Arac\u0131 Kargom","description":"| \u260e\ufe0fWhatsApp Canl\u0131 Destek: (0537) 272 01 45 |","publisher":{"@id":"https:\/\/www.aracikargom.com\/#organization"},"potentialAction":[{"@type":"SearchAction","target":{"@type":"EntryPoint","urlTemplate":"https:\/\/www.aracikargom.com\/?s={search_term_string}"},"query-input":{"@type":"PropertyValueSpecification","valueRequired":true,"valueName":"search_term_string"}}],"inLanguage":"tr"},{"@type":"Organization","@id":"https:\/\/www.aracikargom.com\/#organization","name":"Arac\u0131 Kargom","alternateName":"Arac\u0131 Kargo","url":"https:\/\/www.aracikargom.com\/","logo":{"@type":"ImageObject","inLanguage":"tr","@id":"https:\/\/www.aracikargom.com\/#\/schema\/logo\/image\/","url":"https:\/\/www.aracikargom.com\/wp-content\/uploads\/2024\/10\/cropped-araci-kargom-logo.png","contentUrl":"https:\/\/www.aracikargom.com\/wp-content\/uploads\/2024\/10\/cropped-araci-kargom-logo.png","width":512,"height":512,"caption":"Arac\u0131 Kargom"},"image":{"@id":"https:\/\/www.aracikargom.com\/#\/schema\/logo\/image\/"}}]}},"_links":{"self":[{"href":"https:\/\/www.aracikargom.com\/index.php?rest_route=\/wp\/v2\/pages\/1659","targetHints":{"allow":["GET"]}}],"collection":[{"href":"https:\/\/www.aracikargom.com\/index.php?rest_route=\/wp\/v2\/pages"}],"about":[{"href":"https:\/\/www.aracikargom.com\/index.php?rest_route=\/wp\/v2\/types\/page"}],"author":[{"embeddable":true,"href":"https:\/\/www.aracikargom.com\/index.php?rest_route=\/wp\/v2\/users\/1"}],"replies":[{"embeddable":true,"href":"https:\/\/www.aracikargom.com\/index.php?rest_route=%2Fwp%2Fv2%2Fcomments&post=1659"}],"version-history":[{"count":2,"href":"https:\/\/www.aracikargom.com\/index.php?rest_route=\/wp\/v2\/pages\/1659\/revisions"}],"predecessor-version":[{"id":1893,"href":"https:\/\/www.aracikargom.com\/index.php?rest_route=\/wp\/v2\/pages\/1659\/revisions\/1893"}],"wp:featuredmedia":[{"embeddable":true,"href":"https:\/\/www.aracikargom.com\/index.php?rest_route=\/wp\/v2\/media\/1280"}],"wp:attachment":[{"href":"https:\/\/www.aracikargom.com\/index.php?rest_route=%2Fwp%2Fv2%2Fmedia&parent=1659"}],"curies":[{"name":"wp","href":"https:\/\/api.w.org\/{rel}","templated":true}]}}