{"id":1717,"date":"2025-02-10T07:00:00","date_gmt":"2025-02-10T07:00:00","guid":{"rendered":"https:\/\/www.aracikargom.com\/?page_id=1717"},"modified":"2025-02-10T07:00:06","modified_gmt":"2025-02-10T07:00:06","slug":"sozlesme","status":"publish","type":"page","link":"https:\/\/www.aracikargom.com\/?page_id=1717","title":{"rendered":"S\u00f6zle\u015fme"},"content":{"rendered":"\n<h2 class=\"wp-block-heading\">Tahsilatl\u0131 kargo g\u00f6nderi ek protokol\u00fc<\/h2>\n\n\n\n<p>\u00a0\u00a0\u00a0\u00a0\u00a0\u00a0\u00a0\u00a0\u00a0\u00a0\u00a0\u00a0\u00a0\u00a0\u00a0 Bu anla\u015fma ARACI KARGOM  YURT\u0130\u00c7\u0130 YURTDI\u015eI TA\u015eIMACILIK A.\u015e \u00a0ile\u00a0&#8230;&#8230;&#8230;&#8230;&#8230;&#8230;&#8230;&#8230;&#8230;&#8230;&#8230;&#8230;&#8230;&#8230;&#8230;&#8230;.<\/p>\n\n\n\n<p>aras\u0131nda mevcutta bulunan s\u00f6zle\u015fmedeki <strong>\u00f6deme &#8211; tahsilat<\/strong> maddesi d\u0131\u015f\u0131ndaki maddeler esas al\u0131narak; yaln\u0131zca tahsilatl\u0131 g\u00f6nderileri ve yeni \u00f6deme \u2013 tahsilat maddesini s\u00f6zle\u015fmeye eklemek i\u00e7in haz\u0131rlanm\u0131\u015f ek protokold\u00fcr<strong>.<\/strong><\/p>\n\n\n\n<ol class=\"wp-block-list\">\n<li><strong>TAHS\u0130LATLI KARGO<\/strong><\/li>\n<\/ol>\n\n\n\n<p>G\u00f6nderici M\u00fc\u015fteri \u00f6zel hizmetlerden \u201cTahsilatl\u0131 Kargo\u201d hizmet se\u00e7ene\u011fini belirtebilir, bunun i\u00e7in ta\u015f\u0131ma \u00fccretine ilaveten a\u015fa\u011f\u0131da \u015fartlar\u0131 belirlenmi\u015f ekstra \u00fccretleri \u00f6der. G\u00f6nderi bilgisi tahsil\u00e2tl\u0131 ise;<\/p>\n\n\n\n<ul class=\"wp-block-list\">\n<li>G\u00f6nderen, kargo muhtevas\u0131n\u0131 ARACI KARGOM  YURT\u0130\u00c7\u0130 YURTDI\u015eI TA\u015eIMACILIK A.\u015e \u2019a teslim s\u0131ras\u0131nda beyan etmek ve faturas\u0131n\u0131 ibraz etmekle y\u00fck\u00fcml\u00fcd\u00fcr. Fatura olmaks\u0131z\u0131n sevkiyat\u0131 ger\u00e7ekle\u015ftirilecek g\u00f6nderilerden do\u011fabilecek t\u00fcm resmi ve\/veya mali y\u00fck\u00fcml\u00fcl\u00fckler g\u00f6ndericiye aittir.<\/li>\n<\/ul>\n\n\n\n<ul class=\"wp-block-list\">\n<li>Tahsilat tipi Nakit se\u00e7ilmi\u015f ise, bilgide belirtilen T\u00fcrk Liras\u0131 miktar\u0131 tahsil edilip, para teslimat\u0131 takip eden 1 i\u015f g\u00fcn\u00fc sonunda G\u00d6NDER\u0130C\u0130 M\u00dc\u015eTER\u0130\u2019 nin banka hesap numaras\u0131na havale edilir. Tahsil edilen miktar \u00fczerinden G\u00d6NDER\u0130C\u0130 M\u00dc\u015eTER\u0130 \u2018ye ARACI KARGOM YURT\u0130\u00c7\u0130 YURTDI\u015eI TA\u015eIMACILIK A.\u015e \u2018n\u0131n daha \u00f6nceden belirlemi\u015f ve G\u00d6NDER\u0130C\u0130 M\u00dc\u015eTER\u0130 \u2018ye belirtmi\u015f oldu\u011fu \u201cTahsilatl\u0131 Kargo Hizmet Bedeli\u201d \u00fccreti uygulan\u0131r.<\/li>\n<\/ul>\n\n\n\n<ul class=\"wp-block-list\">\n<li>Tahsilat tipi Kredi Kart\u0131 se\u00e7ilmi\u015f ise, bilgide belirtilen T\u00fcrk Liras\u0131 miktar\u0131 al\u0131c\u0131n\u0131n kredi kart\u0131ndan slip \u00e7ekilerek tahsil edilir, ARACI KARGOM  YURT\u0130\u00c7\u0130 YURTDI\u015eI TA\u015eIMACILIK A.\u015e \u00a0bu paray\u0131 teslimat\u0131 takip 1 i\u015f g\u00fcn\u00fc sonunda G\u00d6NDER\u0130C\u0130 M\u00dc\u015eTER\u0130\u2019 nin banka hesab\u0131na havale eder bunun i\u00e7in <strong>%5<\/strong> vade fark\u0131 uygular. Tahsil edilen miktar \u00fczerinden G\u00d6NDER\u0130C\u0130 M\u00dc\u015eTER\u0130 \u2018ye ARACI KARGOM  YURT\u0130\u00c7\u0130 YURTDI\u015eI TA\u015eIMACILIK A.\u015e \u2018n\u0131n daha \u00f6nceden belirlemi\u015f ve G\u00d6NDER\u0130C\u0130 M\u00dc\u015eTER\u0130 \u2018ye belirtmi\u015f oldu\u011fu \u201cTahsilatl\u0131 Kargo Hizmet Bedeli\u201d \u00fccreti uygulan\u0131r.<\/li>\n<\/ul>\n\n\n\n<ul class=\"wp-block-list\">\n<li>Kredi Kart\u0131 mal\/\u00fcr\u00fcn bedeli tahsil\u00e2t\u0131 yap\u0131lmas\u0131 ve s\u00f6zle\u015fme gere\u011fi bedelin G\u00d6NDER\u0130C\u0130 M\u00dc\u015eTER\u0130 \u2019ye \u00f6denmesi sonras\u0131nda (\u00f6deme vadesi \u00f6ncesinde oldu\u011fu durumlarda da), al\u0131c\u0131n\u0131n kredi kart\u0131 bedeline itiraz\u0131 sonucu bedelin bankadan tahsilat\u0131n\u0131n yap\u0131lamamas\u0131 durumunda ARACI KARGOM URT\u0130\u00c7\u0130 YURTDI\u015eI TA\u015eIMACILIK A.\u015e \u00a0hi\u00e7bir sorumluluk kabul etmeyecektir. G\u00d6NDER\u0130C\u0130 M\u00dc\u015eTER\u0130 \u2019ye \u00f6dedi\u011fi ve\/veya \u00f6deyece\u011fi Kredi Kart\u0131 bedelini G\u00d6NDER\u0130C\u0130 M\u00dc\u015eTER\u0130 \u2019den geri tahsil edebilecek, kredi kart\u0131 \u00f6demesini ise yapmayacakt\u0131r.<\/li>\n<\/ul>\n\n\n\n<ul class=\"wp-block-list\">\n<li>S\u00f6zle\u015fmede belirtilen kargo ta\u015f\u0131ma ve tahsilat \u00fccretlerinin G\u00f6nderici taraf\u0131ndan \u00f6ng\u00f6r\u00fclen \u00f6deme vadelerinde \u00f6denmemesi halinde, ARACI KARGOM YURT\u0130\u00c7\u0130 YURTDI\u015eI TA\u015eIMACILIK A.\u015e \u00a0G\u00f6nderici firmaya yapaca\u011f\u0131 tahsilatl\u0131 kargo geri \u00f6demelerinde bu alaca\u011f\u0131na ili\u015fkin mahsup i\u015flemi yapabilme hakk\u0131na sahiptir.<\/li>\n<\/ul>\n\n\n\n<ul class=\"wp-block-list\">\n<li>Tahsil\u00e2tl\u0131 g\u00f6nderilerde, g\u00f6nderilecek olan \u00fcr\u00fcn paketinin tahsil\u00e2t de\u011feri,<\/li>\n<\/ul>\n\n\n\n<ul class=\"wp-block-list\">\n<li>G\u00d6NDER\u0130C\u0130 M\u00dc\u015eTER\u0130, ARACI KARGOM YURT\u0130\u00c7\u0130 YURTDI\u015eI TA\u015eIMACILIK A.\u015e \u2018a al\u0131c\u0131n\u0131n tahsil\u00e2t miktar\u0131n\u0131 \u00f6demeyi kabul etmemesinden dolay\u0131 ARACI KARGOM YURT\u0130\u00c7\u0130 YURTDI\u015eI TA\u015eIMACILIK A.\u015e \u2018n\u0131n g\u00f6nderiyi teslim etmeyi reddetti\u011fi ki\u015filerin \u015fik\u00e2yetleriyle ilgili olarak g\u00fcvence alt\u0131nda tutar. ARACI KARGOM YURT\u0130\u00c7\u0130 YURTDI\u015eI TA\u015eIMACILIK A.\u015e \u00a0hi\u00e7bir \u015fekilde al\u0131c\u0131n\u0131n hileli bir davran\u0131\u015f\u0131ndan, sahtekarl\u0131k veya sonradan kar\u015f\u0131l\u0131\u011f\u0131 \u00e7\u0131kmayan \u00e7ek vermesinden sorumlu olmayacakt\u0131r. G\u00d6NDER\u0130C\u0130 M\u00dc\u015eTER\u0130 paket bilgisinde adresin do\u011fru ve eksiksiz olmas\u0131ndan ve bu anla\u015fmada yaz\u0131l\u0131 talimatlara uygunlu\u011fundan sorumlu olacak; tahsil\u00e2tl\u0131 g\u00f6nderi paketi \u00fczerindeki bilgilerin yanl\u0131\u015fl\u0131\u011f\u0131 veya eksikli\u011fi sonucu paketin kaybolmas\u0131ndan veya hasara u\u011framas\u0131ndan<\/li>\n<\/ul>\n\n\n\n<ul class=\"wp-block-list\">\n<li>veya tahsil\u00e2tl\u0131 g\u00f6nderi paketinin haz\u0131rlanmas\u0131nda meydana gelecek ar\u0131zalardan ARACI KARGOM YURT\u0130\u00c7\u0130 YURTDI\u015eI TA\u015eIMACILIK A.\u015e \u2018n\u0131 herhangi bir \u015fik\u00e2yet kar\u015f\u0131s\u0131nda sorumlu tutmayacakt\u0131r.<\/li>\n<\/ul>\n\n\n\n<ul class=\"wp-block-list\">\n<li>Yukar\u0131da belirtilen b\u00fct\u00fcn \u00fccretlere hizmete ait fatura tanzim tarihindeki y\u00fcr\u00fcrl\u00fckte olan KDV oran\u0131 ilave edilecektir.<\/li>\n<\/ul>\n\n\n\n<ul class=\"wp-block-list\">\n<li>G\u00d6NDER\u0130C\u0130 M\u00dc\u015eTER\u0130, mal\/\u00fcr\u00fcn bedeli tahsilatl\u0131 g\u00f6nderileri i\u00e7in ARACI KARGOM YURT\u0130\u00c7\u0130 YURTDI\u015eI TA\u015eIMACILIK A.\u015e \u00a0personeline g\u00f6nderisini teslim etti\u011fi andan itibaren, ARACI KARGOM  YURT\u0130\u00c7\u0130 YURTDI\u015eI TA\u015eIMACILIK A.\u015e \u2018n\u0131 mal\/\u00fcr\u00fcn bedelini tahsil etmesi konusunda yetkili k\u0131lar. Verilen yetki, ARACI KARGOMYURT\u0130\u00c7\u0130 YURTDI\u015eI TA\u015eIMACILIK A.\u015e \u00a0personelinin G\u00d6NDER\u0130C\u0130 M\u00dc\u015eTER\u0130 \u2018ye g\u00f6nderinin al\u0131nmas\u0131 s\u0131ras\u0131nda b\u0131rakt\u0131\u011f\u0131 Ambar Tesell\u00fcm Fi\u015fi \u00fczerinde yaz\u0131l\u0131 olarak yer al\u0131r.<\/li>\n<\/ul>\n\n\n\n<ul class=\"wp-block-list\">\n<li>K.K.T.C\u2019ne yap\u0131lacak tahsilatl\u0131 kargo g\u00f6nderilerinde, K.K.T.C G\u00fcmr\u00fck Mevzuat\u0131 ge\u00e7erli olup, sorumluluk al\u0131c\u0131ya ve\/veya g\u00f6ndericiye aittir.<\/li>\n<\/ul>\n\n\n\n<ul class=\"wp-block-list\">\n<li>Kap\u0131da tahsilat\u0131 yap\u0131lan \u00fcr\u00fcn bedelleri a\u015fa\u011f\u0131da yer alan banka hesab\u0131na havalesi yap\u0131l\u0131r.<\/li>\n<\/ul>\n\n\n\n<figure class=\"wp-block-table\"><table class=\"has-fixed-layout\"><tbody><tr><td><strong>Banka Ad\u0131<\/strong><\/td><td><strong>&nbsp;<\/strong><\/td><\/tr><tr><td><strong>Hesap Sahibinin Ad\u0131 \/ \u00dcnvan\u0131<\/strong><\/td><td><strong>&nbsp;<\/strong><\/td><\/tr><tr><td><strong>IBAN No<\/strong><\/td><td><strong>&nbsp;<\/strong><\/td><\/tr><\/tbody><\/table><\/figure>\n\n\n\n<h1 class=\"wp-block-heading\">&nbsp;<\/h1>\n\n\n\n<h1 class=\"wp-block-heading\">&nbsp;<\/h1>\n\n\n\n<h1 class=\"wp-block-heading\">&nbsp;<\/h1>\n\n\n\n<h1 class=\"wp-block-heading\">&nbsp;<\/h1>\n\n\n\n<p><strong>&nbsp;&nbsp;&nbsp;&nbsp;&nbsp;&nbsp;&nbsp;&nbsp;&nbsp;&nbsp;&nbsp;&nbsp;&nbsp;&nbsp;&nbsp; <\/strong>TA\u015eIYICI F\u0130RMA&nbsp;&nbsp;&nbsp;&nbsp;&nbsp;&nbsp;&nbsp;&nbsp;&nbsp;&nbsp;&nbsp;&nbsp; &nbsp;&nbsp;&nbsp;&nbsp;&nbsp;&nbsp;&nbsp;&nbsp;&nbsp;&nbsp;&nbsp;&nbsp;&nbsp;&nbsp;&nbsp;&nbsp;&nbsp;&nbsp;&nbsp;&nbsp;&nbsp;&nbsp;&nbsp;&nbsp;&nbsp;&nbsp;&nbsp;&nbsp;&nbsp;&nbsp;&nbsp;&nbsp;&nbsp;&nbsp;&nbsp;&nbsp;&nbsp;&nbsp;&nbsp;&nbsp;&nbsp;&nbsp;&nbsp;&nbsp;&nbsp;&nbsp; TA\u015eITICI F\u0130RMA :<\/p>\n","protected":false},"excerpt":{"rendered":"<p>Tahsilatl\u0131 kargo g\u00f6nderi ek protokol\u00fc \u00a0\u00a0\u00a0\u00a0\u00a0\u00a0\u00a0\u00a0\u00a0\u00a0\u00a0\u00a0\u00a0\u00a0\u00a0 Bu anla\u015fma ARACI KARGOM YURT\u0130\u00c7\u0130 YURTDI\u015eI TA\u015eIMACILIK A.\u015e \u00a0ile\u00a0&#8230;&#8230;&#8230;&#8230;&#8230;&#8230;&#8230;&#8230;&#8230;&#8230;&#8230;&#8230;&#8230;&#8230;&#8230;&#8230;. aras\u0131nda mevcutta bulunan s\u00f6zle\u015fmedeki \u00f6deme &#8211; tahsilat maddesi d\u0131\u015f\u0131ndaki maddeler esas al\u0131narak; yaln\u0131zca tahsilatl\u0131 g\u00f6nderileri ve yeni \u00f6deme \u2013 tahsilat maddesini s\u00f6zle\u015fmeye eklemek i\u00e7in haz\u0131rlanm\u0131\u015f ek protokold\u00fcr. G\u00f6nderici M\u00fc\u015fteri \u00f6zel hizmetlerden \u201cTahsilatl\u0131 Kargo\u201d hizmet se\u00e7ene\u011fini belirtebilir, bunun i\u00e7in ta\u015f\u0131ma \u00fccretine [&hellip;]<\/p>\n","protected":false},"author":1,"featured_media":0,"parent":0,"menu_order":0,"comment_status":"closed","ping_status":"closed","template":"","meta":{"footnotes":""},"class_list":["post-1717","page","type-page","status-publish","hentry"],"yoast_head":"<!-- This site is optimized with the Yoast SEO plugin v25.6 - https:\/\/yoast.com\/wordpress\/plugins\/seo\/ -->\n<title>S\u00f6zle\u015fme<\/title>\n<meta name=\"description\" content=\"Arac\u0131 Kargom Tahsilatl\u0131 Kargo Kap\u0131da \u00d6demeli Kargo S\u00f6zl\u015femesi,Standart Tahsilatl\u0131 Kargo s\u00f6zl\u015femesi S\u00f6zlemesiz Anla\u015fma yap\u0131lmamaktad\u0131r\" \/>\n<meta name=\"robots\" content=\"index, follow, max-snippet:-1, max-image-preview:large, max-video-preview:-1\" \/>\n<link rel=\"canonical\" href=\"https:\/\/www.aracikargom.com\/?page_id=1717\" \/>\n<meta property=\"og:locale\" content=\"tr_TR\" \/>\n<meta property=\"og:type\" content=\"article\" \/>\n<meta property=\"og:title\" content=\"S\u00f6zle\u015fme\" \/>\n<meta property=\"og:description\" content=\"Arac\u0131 Kargom Tahsilatl\u0131 Kargo Kap\u0131da \u00d6demeli Kargo S\u00f6zl\u015femesi,Standart Tahsilatl\u0131 Kargo s\u00f6zl\u015femesi S\u00f6zlemesiz Anla\u015fma yap\u0131lmamaktad\u0131r\" \/>\n<meta property=\"og:url\" content=\"https:\/\/www.aracikargom.com\/?page_id=1717\" \/>\n<meta property=\"og:site_name\" content=\"Arac\u0131 Kargom\" \/>\n<meta property=\"article:modified_time\" content=\"2025-02-10T07:00:06+00:00\" \/>\n<meta property=\"og:image\" content=\"https:\/\/www.aracikargom.com\/wp-content\/uploads\/2024\/10\/cropped-araci-kargom-logo.png\" \/>\n\t<meta property=\"og:image:width\" content=\"512\" \/>\n\t<meta property=\"og:image:height\" content=\"512\" \/>\n\t<meta property=\"og:image:type\" content=\"image\/png\" \/>\n<meta name=\"twitter:card\" content=\"summary_large_image\" \/>\n<meta name=\"twitter:label1\" content=\"Tahmini okuma s\u00fcresi\" \/>\n\t<meta name=\"twitter:data1\" content=\"4 dakika\" \/>\n<script type=\"application\/ld+json\" class=\"yoast-schema-graph\">{\"@context\":\"https:\/\/schema.org\",\"@graph\":[{\"@type\":\"WebPage\",\"@id\":\"https:\/\/www.aracikargom.com\/?page_id=1717\",\"url\":\"https:\/\/www.aracikargom.com\/?page_id=1717\",\"name\":\"S\u00f6zle\u015fme\",\"isPartOf\":{\"@id\":\"https:\/\/www.aracikargom.com\/#website\"},\"datePublished\":\"2025-02-10T07:00:00+00:00\",\"dateModified\":\"2025-02-10T07:00:06+00:00\",\"description\":\"Arac\u0131 Kargom Tahsilatl\u0131 Kargo Kap\u0131da \u00d6demeli Kargo S\u00f6zl\u015femesi,Standart Tahsilatl\u0131 Kargo s\u00f6zl\u015femesi S\u00f6zlemesiz Anla\u015fma yap\u0131lmamaktad\u0131r\",\"breadcrumb\":{\"@id\":\"https:\/\/www.aracikargom.com\/?page_id=1717#breadcrumb\"},\"inLanguage\":\"tr\",\"potentialAction\":[{\"@type\":\"ReadAction\",\"target\":[\"https:\/\/www.aracikargom.com\/?page_id=1717\"]}]},{\"@type\":\"BreadcrumbList\",\"@id\":\"https:\/\/www.aracikargom.com\/?page_id=1717#breadcrumb\",\"itemListElement\":[{\"@type\":\"ListItem\",\"position\":1,\"name\":\"Anasayfa\",\"item\":\"https:\/\/www.aracikargom.com\/\"},{\"@type\":\"ListItem\",\"position\":2,\"name\":\"S\u00f6zle\u015fme\"}]},{\"@type\":\"WebSite\",\"@id\":\"https:\/\/www.aracikargom.com\/#website\",\"url\":\"https:\/\/www.aracikargom.com\/\",\"name\":\"Arac\u0131 Kargom\",\"description\":\"| \u260e\ufe0fWhatsApp Canl\u0131 Destek: (0537) 272 01 45 |\",\"publisher\":{\"@id\":\"https:\/\/www.aracikargom.com\/#organization\"},\"potentialAction\":[{\"@type\":\"SearchAction\",\"target\":{\"@type\":\"EntryPoint\",\"urlTemplate\":\"https:\/\/www.aracikargom.com\/?s={search_term_string}\"},\"query-input\":{\"@type\":\"PropertyValueSpecification\",\"valueRequired\":true,\"valueName\":\"search_term_string\"}}],\"inLanguage\":\"tr\"},{\"@type\":\"Organization\",\"@id\":\"https:\/\/www.aracikargom.com\/#organization\",\"name\":\"Arac\u0131 Kargom\",\"alternateName\":\"Arac\u0131 Kargo\",\"url\":\"https:\/\/www.aracikargom.com\/\",\"logo\":{\"@type\":\"ImageObject\",\"inLanguage\":\"tr\",\"@id\":\"https:\/\/www.aracikargom.com\/#\/schema\/logo\/image\/\",\"url\":\"https:\/\/www.aracikargom.com\/wp-content\/uploads\/2024\/10\/cropped-araci-kargom-logo.png\",\"contentUrl\":\"https:\/\/www.aracikargom.com\/wp-content\/uploads\/2024\/10\/cropped-araci-kargom-logo.png\",\"width\":512,\"height\":512,\"caption\":\"Arac\u0131 Kargom\"},\"image\":{\"@id\":\"https:\/\/www.aracikargom.com\/#\/schema\/logo\/image\/\"}}]}<\/script>\n<!-- \/ Yoast SEO plugin. -->","yoast_head_json":{"title":"S\u00f6zle\u015fme","description":"Arac\u0131 Kargom Tahsilatl\u0131 Kargo Kap\u0131da \u00d6demeli Kargo S\u00f6zl\u015femesi,Standart Tahsilatl\u0131 Kargo s\u00f6zl\u015femesi S\u00f6zlemesiz Anla\u015fma yap\u0131lmamaktad\u0131r","robots":{"index":"index","follow":"follow","max-snippet":"max-snippet:-1","max-image-preview":"max-image-preview:large","max-video-preview":"max-video-preview:-1"},"canonical":"https:\/\/www.aracikargom.com\/?page_id=1717","og_locale":"tr_TR","og_type":"article","og_title":"S\u00f6zle\u015fme","og_description":"Arac\u0131 Kargom Tahsilatl\u0131 Kargo Kap\u0131da \u00d6demeli Kargo S\u00f6zl\u015femesi,Standart Tahsilatl\u0131 Kargo s\u00f6zl\u015femesi S\u00f6zlemesiz Anla\u015fma yap\u0131lmamaktad\u0131r","og_url":"https:\/\/www.aracikargom.com\/?page_id=1717","og_site_name":"Arac\u0131 Kargom","article_modified_time":"2025-02-10T07:00:06+00:00","og_image":[{"width":512,"height":512,"url":"https:\/\/www.aracikargom.com\/wp-content\/uploads\/2024\/10\/cropped-araci-kargom-logo.png","type":"image\/png"}],"twitter_card":"summary_large_image","twitter_misc":{"Tahmini okuma s\u00fcresi":"4 dakika"},"schema":{"@context":"https:\/\/schema.org","@graph":[{"@type":"WebPage","@id":"https:\/\/www.aracikargom.com\/?page_id=1717","url":"https:\/\/www.aracikargom.com\/?page_id=1717","name":"S\u00f6zle\u015fme","isPartOf":{"@id":"https:\/\/www.aracikargom.com\/#website"},"datePublished":"2025-02-10T07:00:00+00:00","dateModified":"2025-02-10T07:00:06+00:00","description":"Arac\u0131 Kargom Tahsilatl\u0131 Kargo Kap\u0131da \u00d6demeli Kargo S\u00f6zl\u015femesi,Standart Tahsilatl\u0131 Kargo s\u00f6zl\u015femesi S\u00f6zlemesiz Anla\u015fma yap\u0131lmamaktad\u0131r","breadcrumb":{"@id":"https:\/\/www.aracikargom.com\/?page_id=1717#breadcrumb"},"inLanguage":"tr","potentialAction":[{"@type":"ReadAction","target":["https:\/\/www.aracikargom.com\/?page_id=1717"]}]},{"@type":"BreadcrumbList","@id":"https:\/\/www.aracikargom.com\/?page_id=1717#breadcrumb","itemListElement":[{"@type":"ListItem","position":1,"name":"Anasayfa","item":"https:\/\/www.aracikargom.com\/"},{"@type":"ListItem","position":2,"name":"S\u00f6zle\u015fme"}]},{"@type":"WebSite","@id":"https:\/\/www.aracikargom.com\/#website","url":"https:\/\/www.aracikargom.com\/","name":"Arac\u0131 Kargom","description":"| \u260e\ufe0fWhatsApp Canl\u0131 Destek: (0537) 272 01 45 |","publisher":{"@id":"https:\/\/www.aracikargom.com\/#organization"},"potentialAction":[{"@type":"SearchAction","target":{"@type":"EntryPoint","urlTemplate":"https:\/\/www.aracikargom.com\/?s={search_term_string}"},"query-input":{"@type":"PropertyValueSpecification","valueRequired":true,"valueName":"search_term_string"}}],"inLanguage":"tr"},{"@type":"Organization","@id":"https:\/\/www.aracikargom.com\/#organization","name":"Arac\u0131 Kargom","alternateName":"Arac\u0131 Kargo","url":"https:\/\/www.aracikargom.com\/","logo":{"@type":"ImageObject","inLanguage":"tr","@id":"https:\/\/www.aracikargom.com\/#\/schema\/logo\/image\/","url":"https:\/\/www.aracikargom.com\/wp-content\/uploads\/2024\/10\/cropped-araci-kargom-logo.png","contentUrl":"https:\/\/www.aracikargom.com\/wp-content\/uploads\/2024\/10\/cropped-araci-kargom-logo.png","width":512,"height":512,"caption":"Arac\u0131 Kargom"},"image":{"@id":"https:\/\/www.aracikargom.com\/#\/schema\/logo\/image\/"}}]}},"_links":{"self":[{"href":"https:\/\/www.aracikargom.com\/index.php?rest_route=\/wp\/v2\/pages\/1717","targetHints":{"allow":["GET"]}}],"collection":[{"href":"https:\/\/www.aracikargom.com\/index.php?rest_route=\/wp\/v2\/pages"}],"about":[{"href":"https:\/\/www.aracikargom.com\/index.php?rest_route=\/wp\/v2\/types\/page"}],"author":[{"embeddable":true,"href":"https:\/\/www.aracikargom.com\/index.php?rest_route=\/wp\/v2\/users\/1"}],"replies":[{"embeddable":true,"href":"https:\/\/www.aracikargom.com\/index.php?rest_route=%2Fwp%2Fv2%2Fcomments&post=1717"}],"version-history":[{"count":1,"href":"https:\/\/www.aracikargom.com\/index.php?rest_route=\/wp\/v2\/pages\/1717\/revisions"}],"predecessor-version":[{"id":1721,"href":"https:\/\/www.aracikargom.com\/index.php?rest_route=\/wp\/v2\/pages\/1717\/revisions\/1721"}],"wp:attachment":[{"href":"https:\/\/www.aracikargom.com\/index.php?rest_route=%2Fwp%2Fv2%2Fmedia&parent=1717"}],"curies":[{"name":"wp","href":"https:\/\/api.w.org\/{rel}","templated":true}]}}